{"id":55,"date":"2022-08-09T15:18:28","date_gmt":"2022-08-09T13:18:28","guid":{"rendered":"http:\/\/entwicklung7.medialife.works\/?page_id=55"},"modified":"2023-01-11T09:34:31","modified_gmt":"2023-01-11T08:34:31","slug":"freizeit-einkaufen","status":"publish","type":"page","link":"https:\/\/hotel-spessarttor.de\/en\/freizeit-einkaufen\/","title":{"rendered":"Freizeit \u2013 Einkaufen"},"content":{"rendered":"<div data-elementor-type=\"wp-page\" data-elementor-id=\"55\" class=\"elementor elementor-55\" data-elementor-post-type=\"page\">\n\t\t\t\t\t\t<section class=\"elementor-section elementor-top-section elementor-element elementor-element-0ade15f elementor-section-full_width elementor-section-height-min-height elementor-section-height-default elementor-section-items-middle\" data-id=\"0ade15f\" data-element_type=\"section\" data-settings=\"{&quot;background_background&quot;:&quot;classic&quot;}\">\n\t\t\t\t\t\t\t<div class=\"elementor-background-overlay\"><\/div>\n\t\t\t\t\t\t\t<div class=\"elementor-container elementor-column-gap-default\">\n\t\t\t\t\t<div class=\"elementor-column elementor-col-100 elementor-top-column elementor-element elementor-element-bb367aa\" data-id=\"bb367aa\" data-element_type=\"column\">\n\t\t\t<div class=\"elementor-widget-wrap elementor-element-populated\">\n\t\t\t\t\t\t<section class=\"elementor-section elementor-inner-section elementor-element elementor-element-10fcbf4 elementor-section-content-bottom elementor-section-boxed elementor-section-height-default elementor-section-height-default\" data-id=\"10fcbf4\" data-element_type=\"section\">\n\t\t\t\t\t\t\t<div class=\"elementor-background-overlay\"><\/div>\n\t\t\t\t\t\t\t<div class=\"elementor-container elementor-column-gap-default\">\n\t\t\t\t\t<div class=\"elementor-column elementor-col-100 elementor-inner-column elementor-element elementor-element-f85138a\" data-id=\"f85138a\" data-element_type=\"column\" data-settings=\"{&quot;background_background&quot;:&quot;classic&quot;}\">\n\t\t\t<div class=\"elementor-widget-wrap elementor-element-populated\">\n\t\t\t\t\t<div class=\"elementor-background-overlay\"><\/div>\n\t\t\t\t\t\t<div class=\"elementor-element elementor-element-280c578 elementor-widget elementor-widget-heading\" data-id=\"280c578\" data-element_type=\"widget\" data-widget_type=\"heading.default\">\n\t\t\t\t<div class=\"elementor-widget-container\">\n\t\t\t<style>\/*! elementor - v3.21.0 - 26-05-2024 *\/\n.elementor-heading-title{padding:0;margin:0;line-height:1}.elementor-widget-heading .elementor-heading-title[class*=elementor-size-]>a{color:inherit;font-size:inherit;line-height:inherit}.elementor-widget-heading .elementor-heading-title.elementor-size-small{font-size:15px}.elementor-widget-heading .elementor-heading-title.elementor-size-medium{font-size:19px}.elementor-widget-heading .elementor-heading-title.elementor-size-large{font-size:29px}.elementor-widget-heading .elementor-heading-title.elementor-size-xl{font-size:39px}.elementor-widget-heading .elementor-heading-title.elementor-size-xxl{font-size:59px}<\/style><h2 class=\"elementor-heading-title elementor-size-default\">Shopping<\/h2>\t\t<\/div>\n\t\t\t\t<\/div>\n\t\t\t\t<div class=\"elementor-element elementor-element-214101e elementor-widget elementor-widget-text-editor\" data-id=\"214101e\" data-element_type=\"widget\" data-widget_type=\"text-editor.default\">\n\t\t\t\t<div class=\"elementor-widget-container\">\n\t\t\t<style>\/*! elementor - v3.21.0 - 26-05-2024 *\/\n.elementor-widget-text-editor.elementor-drop-cap-view-stacked .elementor-drop-cap{background-color:#69727d;color:#fff}.elementor-widget-text-editor.elementor-drop-cap-view-framed .elementor-drop-cap{color:#69727d;border:3px solid;background-color:transparent}.elementor-widget-text-editor:not(.elementor-drop-cap-view-default) .elementor-drop-cap{margin-top:8px}.elementor-widget-text-editor:not(.elementor-drop-cap-view-default) .elementor-drop-cap-letter{width:1em;height:1em}.elementor-widget-text-editor .elementor-drop-cap{float:left;text-align:center;line-height:1;font-size:50px}.elementor-widget-text-editor .elementor-drop-cap-letter{display:inline-block}<\/style>\t\t\t\t<p>From grocery stores to specialty stores to small boutiques - the city of Lohr not only covers the needs of everyday life, but also caters to special customer wishes.<\/p>\t\t\t\t\t\t<\/div>\n\t\t\t\t<\/div>\n\t\t\t\t\t<\/div>\n\t\t<\/div>\n\t\t\t\t\t<\/div>\n\t\t<\/section>\n\t\t\t\t\t<\/div>\n\t\t<\/div>\n\t\t\t\t\t<\/div>\n\t\t<\/section>\n\t\t\t\t<section class=\"elementor-section elementor-top-section elementor-element elementor-element-647b55e elementor-section-boxed elementor-section-height-default elementor-section-height-default\" data-id=\"647b55e\" data-element_type=\"section\">\n\t\t\t\t\t\t\t<div class=\"elementor-background-overlay\"><\/div>\n\t\t\t\t\t\t\t<div class=\"elementor-container elementor-column-gap-default\">\n\t\t\t\t\t<div class=\"elementor-column elementor-col-100 elementor-top-column elementor-element elementor-element-a7a22ce\" data-id=\"a7a22ce\" data-element_type=\"column\">\n\t\t\t<div class=\"elementor-widget-wrap elementor-element-populated\">\n\t\t\t\t\t\t<div class=\"elementor-element elementor-element-aca720d elementor-widget elementor-widget-image\" data-id=\"aca720d\" data-element_type=\"widget\" data-widget_type=\"image.default\">\n\t\t\t\t<div class=\"elementor-widget-container\">\n\t\t\t<style>\/*! elementor - v3.21.0 - 26-05-2024 *\/\n.elementor-widget-image{text-align:center}.elementor-widget-image a{display:inline-block}.elementor-widget-image a img[src$=\".svg\"]{width:48px}.elementor-widget-image img{vertical-align:middle;display:inline-block}<\/style>\t\t\t\t\t\t\t\t\t\t<img decoding=\"async\" src=\"https:\/\/hotel-spessarttor.de\/wp-content\/uploads\/2022\/08\/Pfad-16.svg\" title=\"Pfad 16\" alt=\"Pfad 16\" loading=\"lazy\" \/>\t\t\t\t\t\t\t\t\t\t\t\t\t<\/div>\n\t\t\t\t<\/div>\n\t\t\t\t<section class=\"elementor-section elementor-inner-section elementor-element elementor-element-f430c1f elementor-section-boxed elementor-section-height-default elementor-section-height-default\" data-id=\"f430c1f\" data-element_type=\"section\">\n\t\t\t\t\t\t<div class=\"elementor-container elementor-column-gap-default\">\n\t\t\t\t\t<div class=\"elementor-column elementor-col-100 elementor-inner-column elementor-element elementor-element-1856308\" data-id=\"1856308\" data-element_type=\"column\">\n\t\t\t<div class=\"elementor-widget-wrap elementor-element-populated\">\n\t\t\t\t\t\t<div class=\"elementor-element elementor-element-cd8f664 elementor-widget elementor-widget-heading\" data-id=\"cd8f664\" data-element_type=\"widget\" data-widget_type=\"heading.default\">\n\t\t\t\t<div class=\"elementor-widget-container\">\n\t\t\t<h2 class=\"elementor-heading-title elementor-size-default\">SHOPPING IN AND AROUND LOHR<\/h2>\t\t<\/div>\n\t\t\t\t<\/div>\n\t\t\t\t\t<\/div>\n\t\t<\/div>\n\t\t\t\t\t<\/div>\n\t\t<\/section>\n\t\t\t\t<section class=\"elementor-section elementor-inner-section elementor-element elementor-element-6325399 elementor-section-full_width elementor-section-height-default elementor-section-height-default\" data-id=\"6325399\" data-element_type=\"section\">\n\t\t\t\t\t\t<div class=\"elementor-container elementor-column-gap-default\">\n\t\t\t\t\t<div class=\"elementor-column elementor-col-50 elementor-inner-column elementor-element elementor-element-540d06a\" data-id=\"540d06a\" data-element_type=\"column\">\n\t\t\t<div class=\"elementor-widget-wrap elementor-element-populated\">\n\t\t\t\t\t\t<div class=\"elementor-element elementor-element-9f889f5 elementor-widget elementor-widget-image\" data-id=\"9f889f5\" data-element_type=\"widget\" data-widget_type=\"image.default\">\n\t\t\t\t<div class=\"elementor-widget-container\">\n\t\t\t\t\t\t\t\t\t\t\t\t\t<img fetchpriority=\"high\" decoding=\"async\" width=\"800\" height=\"450\" src=\"https:\/\/hotel-spessarttor.de\/wp-content\/uploads\/2022\/08\/Unterer-Marktplatz_Fotograf_Thomas-Berberich@2x-1024x576.png\" class=\"attachment-large size-large wp-image-277\" alt=\"\" srcset=\"https:\/\/hotel-spessarttor.de\/wp-content\/uploads\/2022\/08\/Unterer-Marktplatz_Fotograf_Thomas-Berberich@2x-1024x576.png 1024w, https:\/\/hotel-spessarttor.de\/wp-content\/uploads\/2022\/08\/Unterer-Marktplatz_Fotograf_Thomas-Berberich@2x-300x169.png 300w, https:\/\/hotel-spessarttor.de\/wp-content\/uploads\/2022\/08\/Unterer-Marktplatz_Fotograf_Thomas-Berberich@2x-768x432.png 768w, https:\/\/hotel-spessarttor.de\/wp-content\/uploads\/2022\/08\/Unterer-Marktplatz_Fotograf_Thomas-Berberich@2x.png 1060w\" sizes=\"(max-width: 800px) 100vw, 800px\" \/>\t\t\t\t\t\t\t\t\t\t\t\t\t<\/div>\n\t\t\t\t<\/div>\n\t\t\t\t<div class=\"elementor-element elementor-element-6ae8674 elementor-widget elementor-widget-text-editor\" data-id=\"6ae8674\" data-element_type=\"widget\" data-widget_type=\"text-editor.default\">\n\t\t\t\t<div class=\"elementor-widget-container\">\n\t\t\t\t\t\t\t<p>Foto: \u00a9Touristinformation Lohr a.Main, Fotograf: Thomas Berberich<\/p>\t\t\t\t\t\t<\/div>\n\t\t\t\t<\/div>\n\t\t\t\t\t<\/div>\n\t\t<\/div>\n\t\t\t\t<div class=\"elementor-column elementor-col-50 elementor-inner-column elementor-element elementor-element-a9da80b\" data-id=\"a9da80b\" data-element_type=\"column\">\n\t\t\t<div class=\"elementor-widget-wrap elementor-element-populated\">\n\t\t\t\t\t\t<div class=\"elementor-element elementor-element-56195d2 elementor-widget elementor-widget-text-editor\" data-id=\"56195d2\" data-element_type=\"widget\" data-widget_type=\"text-editor.default\">\n\t\t\t\t<div class=\"elementor-widget-container\">\n\t\t\t\t\t\t\t<p><b>\"Lohr makes you feel good\"<\/b><\/p><p>Small boutiques instead of mass-produced goods. Retail instead of one-size-fits-all. That's shopping in Lohr! Whoever comes to Lohr will find modern retail behind well-kept old town facades. Specialty stores with a long tradition, boutiques with an amazing selection, small galleries, large car dealerships and a wide variety of restaurants and caf\u00e9s await you.<\/p>\t\t\t\t\t\t<\/div>\n\t\t\t\t<\/div>\n\t\t\t\t<div class=\"elementor-element elementor-element-412a497 hotel_details elementor-icon-list--layout-traditional elementor-list-item-link-full_width elementor-widget elementor-widget-icon-list\" data-id=\"412a497\" data-element_type=\"widget\" data-widget_type=\"icon-list.default\">\n\t\t\t\t<div class=\"elementor-widget-container\">\n\t\t\t<link rel=\"stylesheet\" href=\"https:\/\/hotel-spessarttor.de\/wp-content\/plugins\/elementor\/assets\/css\/widget-icon-list.min.css\">\t\t<ul class=\"elementor-icon-list-items\">\n\t\t\t\t\t\t\t<li class=\"elementor-icon-list-item\">\n\t\t\t\t\t\t\t\t\t\t\t<a href=\"http:\/\/www.lohr-macht-laune.de\/seite\/de\/werbegemeinschaft\/02\/WB\/Startseite.html\" target=\"_blank\">\n\n\t\t\t\t\t\t\t\t\t\t\t\t<span class=\"elementor-icon-list-icon\">\n\t\t\t\t\t\t\t<svg xmlns=\"http:\/\/www.w3.org\/2000\/svg\" xmlns:xlink=\"http:\/\/www.w3.org\/1999\/xlink\" id=\"Ebene_1\" x=\"0px\" y=\"0px\" viewbox=\"0 0 49.8 25.1\" style=\"enable-background:new 0 0 49.8 25.1;\" xml:space=\"preserve\"><style type=\"text\/css\">\t.st0{fill:none;}<\/style><path id=\"Pfad_41\" class=\"st0\" d=\"M15.2,0.7l8.4,11.1c-1,0-1.9,0-2.8,0c-0.3-0.1-0.5-0.3-0.7-0.5c-2.2-2.9-4.3-5.9-6.4-8.8 c-1.1-1.5-1.6-1.7-3.6-1.7l8.4,11.1c-1,0-1.9,0-2.7,0c-0.3,0-0.6-0.3-0.7-0.6C13,8.2,10.8,5.3,8.8,2.4c-0.5-1-1.5-1.6-2.6-1.6 c-0.4,0-0.8-0.1-1.1-0.2l8.5,11.2c-1.1,0-1.9,0-2.8,0c-0.2,0-0.4-0.3-0.6-0.6C8,8.2,5.8,5.4,3.8,2.4C2.9,0.9,1.6,0.8,0,0.6l9.1,12 L0,24.5c1-0.2,1.7-0.3,2.5-0.5C2.8,24,3,23.8,3.2,23.5c2.3-3.1,4.5-6.1,6.8-9.2c0.3-0.6,1-1,1.7-0.9c0.6,0,1.3,0,1.9,0l-8.4,11 C6.6,24.7,8,24,8.8,22.7c2.1-2.8,4.2-5.7,6.3-8.5c0.3-0.6,1-0.9,1.6-0.8c0.7,0,1.3,0,2,0l-8.6,11.1c1-0.2,1.8-0.3,2.6-0.5 c0.3-0.1,0.5-0.3,0.7-0.6c2.3-3.1,4.6-6.2,6.9-9.4c0.3-0.5,0.8-0.8,1.4-0.7c0.6,0,1.2,0,2.1,0l-8.4,11c1.8,0.1,2.6-0.3,3.6-1.6 c2.2-2.9,4.3-5.9,6.5-8.8c0.2-0.3,0.5-0.5,0.8-0.5c5.7,0,11.5,0,17.5,0c-2.1,1.1-3.8,2.9-4.8,5c-0.9,2.1-0.9,4.5-0.1,6.7 c-0.1-3,1.1-6,3.2-8.2c2.2-2.2,4.9-3.7,7.9-4.4C43.2,10.6,38.6,6.5,38.8,0c-1.3,2.8-1.2,8.2,4.9,11.7c-0.3,0-0.6,0-0.8,0 c-5.5,0-10.9,0-16.4,0c-0.5,0-1-0.2-1.3-0.7c-2.1-3-4.3-5.9-6.4-8.8C17.8,1,17,0.6,15.2,0.7z\"><\/path><\/svg>\t\t\t\t\t\t<\/span>\n\t\t\t\t\t\t\t\t\t\t<span class=\"elementor-icon-list-text\">www.lohr-macht-laune.de<\/span>\n\t\t\t\t\t\t\t\t\t\t\t<\/a>\n\t\t\t\t\t\t\t\t\t<\/li>\n\t\t\t\t\t\t<\/ul>\n\t\t\t\t<\/div>\n\t\t\t\t<\/div>\n\t\t\t\t\t<\/div>\n\t\t<\/div>\n\t\t\t\t\t<\/div>\n\t\t<\/section>\n\t\t\t\t<section class=\"elementor-section elementor-inner-section elementor-element elementor-element-9bd8111 elementor-reverse-mobile elementor-section-full_width elementor-section-height-default elementor-section-height-default\" data-id=\"9bd8111\" data-element_type=\"section\">\n\t\t\t\t\t\t<div class=\"elementor-container elementor-column-gap-default\">\n\t\t\t\t\t<div class=\"elementor-column elementor-col-50 elementor-inner-column elementor-element elementor-element-c5299c3\" data-id=\"c5299c3\" data-element_type=\"column\">\n\t\t\t<div class=\"elementor-widget-wrap elementor-element-populated\">\n\t\t\t\t\t\t<div class=\"elementor-element elementor-element-b450add elementor-widget elementor-widget-text-editor\" data-id=\"b450add\" data-element_type=\"widget\" data-widget_type=\"text-editor.default\">\n\t\t\t\t<div class=\"elementor-widget-container\">\n\t\t\t\t\t\t\t<p><b>Markets in Lohr<\/b><\/p><p>Green Market: Wednesday and Saturday from 8:00-13:00 Offer fish, meat, fruit, vegetables, eggs and flowers from local vendors. \nFarmer's Market: every 1st Saturday of the month (Especially large offer).<\/p>\t\t\t\t\t\t<\/div>\n\t\t\t\t<\/div>\n\t\t\t\t\t<\/div>\n\t\t<\/div>\n\t\t\t\t<div class=\"elementor-column elementor-col-50 elementor-inner-column elementor-element elementor-element-d6c50a8\" data-id=\"d6c50a8\" data-element_type=\"column\">\n\t\t\t<div class=\"elementor-widget-wrap elementor-element-populated\">\n\t\t\t\t\t\t<div class=\"elementor-element elementor-element-831486e elementor-widget elementor-widget-image\" data-id=\"831486e\" data-element_type=\"widget\" data-widget_type=\"image.default\">\n\t\t\t\t<div class=\"elementor-widget-container\">\n\t\t\t\t\t\t\t\t\t\t\t\t\t<img decoding=\"async\" width=\"800\" height=\"450\" src=\"https:\/\/hotel-spessarttor.de\/wp-content\/uploads\/2022\/08\/Markt@2x-1024x576.png\" class=\"attachment-large size-large wp-image-276\" alt=\"\" srcset=\"https:\/\/hotel-spessarttor.de\/wp-content\/uploads\/2022\/08\/Markt@2x-1024x576.png 1024w, https:\/\/hotel-spessarttor.de\/wp-content\/uploads\/2022\/08\/Markt@2x-300x169.png 300w, https:\/\/hotel-spessarttor.de\/wp-content\/uploads\/2022\/08\/Markt@2x-768x432.png 768w, https:\/\/hotel-spessarttor.de\/wp-content\/uploads\/2022\/08\/Markt@2x.png 1060w\" sizes=\"(max-width: 800px) 100vw, 800px\" \/>\t\t\t\t\t\t\t\t\t\t\t\t\t<\/div>\n\t\t\t\t<\/div>\n\t\t\t\t<div class=\"elementor-element elementor-element-9d76059 elementor-widget elementor-widget-text-editor\" data-id=\"9d76059\" data-element_type=\"widget\" data-widget_type=\"text-editor.default\">\n\t\t\t\t<div class=\"elementor-widget-container\">\n\t\t\t\t\t\t\t<p>Foto: \u00a9Touristinformation Lohr a.Main<\/p>\t\t\t\t\t\t<\/div>\n\t\t\t\t<\/div>\n\t\t\t\t\t<\/div>\n\t\t<\/div>\n\t\t\t\t\t<\/div>\n\t\t<\/section>\n\t\t\t\t<section class=\"elementor-section elementor-inner-section elementor-element elementor-element-b9bf274 elementor-section-full_width elementor-section-height-default elementor-section-height-default\" data-id=\"b9bf274\" data-element_type=\"section\">\n\t\t\t\t\t\t<div class=\"elementor-container elementor-column-gap-default\">\n\t\t\t\t\t<div class=\"elementor-column elementor-col-50 elementor-inner-column elementor-element elementor-element-9258396\" data-id=\"9258396\" data-element_type=\"column\">\n\t\t\t<div class=\"elementor-widget-wrap elementor-element-populated\">\n\t\t\t\t\t\t<div class=\"elementor-element elementor-element-99c7136 elementor-widget elementor-widget-image\" data-id=\"99c7136\" data-element_type=\"widget\" data-widget_type=\"image.default\">\n\t\t\t\t<div class=\"elementor-widget-container\">\n\t\t\t\t\t\t\t\t\t\t\t\t\t<img decoding=\"async\" width=\"800\" height=\"450\" src=\"https:\/\/hotel-spessarttor.de\/wp-content\/uploads\/2022\/08\/Wertheim_Village@2x-1024x576.png\" class=\"attachment-large size-large wp-image-278\" alt=\"\" srcset=\"https:\/\/hotel-spessarttor.de\/wp-content\/uploads\/2022\/08\/Wertheim_Village@2x-1024x576.png 1024w, https:\/\/hotel-spessarttor.de\/wp-content\/uploads\/2022\/08\/Wertheim_Village@2x-300x169.png 300w, https:\/\/hotel-spessarttor.de\/wp-content\/uploads\/2022\/08\/Wertheim_Village@2x-768x432.png 768w, https:\/\/hotel-spessarttor.de\/wp-content\/uploads\/2022\/08\/Wertheim_Village@2x.png 1060w\" sizes=\"(max-width: 800px) 100vw, 800px\" \/>\t\t\t\t\t\t\t\t\t\t\t\t\t<\/div>\n\t\t\t\t<\/div>\n\t\t\t\t<div class=\"elementor-element elementor-element-696e64c elementor-widget elementor-widget-text-editor\" data-id=\"696e64c\" data-element_type=\"widget\" data-widget_type=\"text-editor.default\">\n\t\t\t\t<div class=\"elementor-widget-container\">\n\t\t\t\t\t\t\t<p>Foto: Wertheim Village<\/p>\t\t\t\t\t\t<\/div>\n\t\t\t\t<\/div>\n\t\t\t\t\t<\/div>\n\t\t<\/div>\n\t\t\t\t<div class=\"elementor-column elementor-col-50 elementor-inner-column elementor-element elementor-element-7ec76b1\" data-id=\"7ec76b1\" data-element_type=\"column\">\n\t\t\t<div class=\"elementor-widget-wrap elementor-element-populated\">\n\t\t\t\t\t\t<div class=\"elementor-element elementor-element-05b1c22 elementor-widget elementor-widget-text-editor\" data-id=\"05b1c22\" data-element_type=\"widget\" data-widget_type=\"text-editor.default\">\n\t\t\t\t<div class=\"elementor-widget-container\">\n\t\t\t\t\t\t\t<p><b>Wertheim Village<\/b><\/p>\n<p>Just a few kilometers away, directly on the highway, is Wertheim-Village. A huge village-style outdoor outlet center with more than 100 stores of popular brands.<\/p>\t\t\t\t\t\t<\/div>\n\t\t\t\t<\/div>\n\t\t\t\t<div class=\"elementor-element elementor-element-23f1aeb hotel_details elementor-icon-list--layout-traditional elementor-list-item-link-full_width elementor-widget elementor-widget-icon-list\" data-id=\"23f1aeb\" data-element_type=\"widget\" data-widget_type=\"icon-list.default\">\n\t\t\t\t<div class=\"elementor-widget-container\">\n\t\t\t\t\t<ul class=\"elementor-icon-list-items\">\n\t\t\t\t\t\t\t<li class=\"elementor-icon-list-item\">\n\t\t\t\t\t\t\t\t\t\t\t<a href=\"https:\/\/www.thebicestercollection.com\/wertheim-village\/de\" target=\"_blank\">\n\n\t\t\t\t\t\t\t\t\t\t\t\t<span class=\"elementor-icon-list-icon\">\n\t\t\t\t\t\t\t<svg xmlns=\"http:\/\/www.w3.org\/2000\/svg\" xmlns:xlink=\"http:\/\/www.w3.org\/1999\/xlink\" id=\"Ebene_1\" x=\"0px\" y=\"0px\" viewbox=\"0 0 49.8 25.1\" style=\"enable-background:new 0 0 49.8 25.1;\" xml:space=\"preserve\"><style type=\"text\/css\">\t.st0{fill:none;}<\/style><path id=\"Pfad_41\" class=\"st0\" d=\"M15.2,0.7l8.4,11.1c-1,0-1.9,0-2.8,0c-0.3-0.1-0.5-0.3-0.7-0.5c-2.2-2.9-4.3-5.9-6.4-8.8 c-1.1-1.5-1.6-1.7-3.6-1.7l8.4,11.1c-1,0-1.9,0-2.7,0c-0.3,0-0.6-0.3-0.7-0.6C13,8.2,10.8,5.3,8.8,2.4c-0.5-1-1.5-1.6-2.6-1.6 c-0.4,0-0.8-0.1-1.1-0.2l8.5,11.2c-1.1,0-1.9,0-2.8,0c-0.2,0-0.4-0.3-0.6-0.6C8,8.2,5.8,5.4,3.8,2.4C2.9,0.9,1.6,0.8,0,0.6l9.1,12 L0,24.5c1-0.2,1.7-0.3,2.5-0.5C2.8,24,3,23.8,3.2,23.5c2.3-3.1,4.5-6.1,6.8-9.2c0.3-0.6,1-1,1.7-0.9c0.6,0,1.3,0,1.9,0l-8.4,11 C6.6,24.7,8,24,8.8,22.7c2.1-2.8,4.2-5.7,6.3-8.5c0.3-0.6,1-0.9,1.6-0.8c0.7,0,1.3,0,2,0l-8.6,11.1c1-0.2,1.8-0.3,2.6-0.5 c0.3-0.1,0.5-0.3,0.7-0.6c2.3-3.1,4.6-6.2,6.9-9.4c0.3-0.5,0.8-0.8,1.4-0.7c0.6,0,1.2,0,2.1,0l-8.4,11c1.8,0.1,2.6-0.3,3.6-1.6 c2.2-2.9,4.3-5.9,6.5-8.8c0.2-0.3,0.5-0.5,0.8-0.5c5.7,0,11.5,0,17.5,0c-2.1,1.1-3.8,2.9-4.8,5c-0.9,2.1-0.9,4.5-0.1,6.7 c-0.1-3,1.1-6,3.2-8.2c2.2-2.2,4.9-3.7,7.9-4.4C43.2,10.6,38.6,6.5,38.8,0c-1.3,2.8-1.2,8.2,4.9,11.7c-0.3,0-0.6,0-0.8,0 c-5.5,0-10.9,0-16.4,0c-0.5,0-1-0.2-1.3-0.7c-2.1-3-4.3-5.9-6.4-8.8C17.8,1,17,0.6,15.2,0.7z\"><\/path><\/svg>\t\t\t\t\t\t<\/span>\n\t\t\t\t\t\t\t\t\t\t<span class=\"elementor-icon-list-text\">Wertheim-Village<\/span>\n\t\t\t\t\t\t\t\t\t\t\t<\/a>\n\t\t\t\t\t\t\t\t\t<\/li>\n\t\t\t\t\t\t<\/ul>\n\t\t\t\t<\/div>\n\t\t\t\t<\/div>\n\t\t\t\t\t<\/div>\n\t\t<\/div>\n\t\t\t\t\t<\/div>\n\t\t<\/section>\n\t\t\t\t<div class=\"elementor-element elementor-element-bb6f9be elementor-align-center hotel_details elementor-widget elementor-widget-button\" data-id=\"bb6f9be\" data-element_type=\"widget\" data-widget_type=\"button.default\">\n\t\t\t\t<div class=\"elementor-widget-container\">\n\t\t\t\t\t<div class=\"elementor-button-wrapper\">\n\t\t\t<a class=\"elementor-button elementor-button-link elementor-size-sm\" href=\"https:\/\/hotel-spessarttor.de\/en\/freizeit\/\">\n\t\t\t\t\t\t<span class=\"elementor-button-content-wrapper\">\n\t\t\t\t\t\t<span class=\"elementor-button-icon elementor-align-icon-left\">\n\t\t\t\t<svg xmlns=\"http:\/\/www.w3.org\/2000\/svg\" xmlns:xlink=\"http:\/\/www.w3.org\/1999\/xlink\" id=\"Ebene_1\" x=\"0px\" y=\"0px\" viewbox=\"0 0 49.8 25.1\" style=\"enable-background:new 0 0 49.8 25.1;\" xml:space=\"preserve\"><style type=\"text\/css\">\t.st0{fill:none;}<\/style><path id=\"Pfad_41\" class=\"st0\" d=\"M15.2,0.7l8.4,11.1c-1,0-1.9,0-2.8,0c-0.3-0.1-0.5-0.3-0.7-0.5c-2.2-2.9-4.3-5.9-6.4-8.8 c-1.1-1.5-1.6-1.7-3.6-1.7l8.4,11.1c-1,0-1.9,0-2.7,0c-0.3,0-0.6-0.3-0.7-0.6C13,8.2,10.8,5.3,8.8,2.4c-0.5-1-1.5-1.6-2.6-1.6 c-0.4,0-0.8-0.1-1.1-0.2l8.5,11.2c-1.1,0-1.9,0-2.8,0c-0.2,0-0.4-0.3-0.6-0.6C8,8.2,5.8,5.4,3.8,2.4C2.9,0.9,1.6,0.8,0,0.6l9.1,12 L0,24.5c1-0.2,1.7-0.3,2.5-0.5C2.8,24,3,23.8,3.2,23.5c2.3-3.1,4.5-6.1,6.8-9.2c0.3-0.6,1-1,1.7-0.9c0.6,0,1.3,0,1.9,0l-8.4,11 C6.6,24.7,8,24,8.8,22.7c2.1-2.8,4.2-5.7,6.3-8.5c0.3-0.6,1-0.9,1.6-0.8c0.7,0,1.3,0,2,0l-8.6,11.1c1-0.2,1.8-0.3,2.6-0.5 c0.3-0.1,0.5-0.3,0.7-0.6c2.3-3.1,4.6-6.2,6.9-9.4c0.3-0.5,0.8-0.8,1.4-0.7c0.6,0,1.2,0,2.1,0l-8.4,11c1.8,0.1,2.6-0.3,3.6-1.6 c2.2-2.9,4.3-5.9,6.5-8.8c0.2-0.3,0.5-0.5,0.8-0.5c5.7,0,11.5,0,17.5,0c-2.1,1.1-3.8,2.9-4.8,5c-0.9,2.1-0.9,4.5-0.1,6.7 c-0.1-3,1.1-6,3.2-8.2c2.2-2.2,4.9-3.7,7.9-4.4C43.2,10.6,38.6,6.5,38.8,0c-1.3,2.8-1.2,8.2,4.9,11.7c-0.3,0-0.6,0-0.8,0 c-5.5,0-10.9,0-16.4,0c-0.5,0-1-0.2-1.3-0.7c-2.1-3-4.3-5.9-6.4-8.8C17.8,1,17,0.6,15.2,0.7z\"><\/path><\/svg>\t\t\t<\/span>\n\t\t\t\t\t\t\t\t\t<span class=\"elementor-button-text\">MORE leisure activities<\/span>\n\t\t\t\t\t<\/span>\n\t\t\t\t\t<\/a>\n\t\t<\/div>\n\t\t\t\t<\/div>\n\t\t\t\t<\/div>\n\t\t\t\t\t<\/div>\n\t\t<\/div>\n\t\t\t\t\t<\/div>\n\t\t<\/section>\n\t\t\t\t<\/div>","protected":false},"excerpt":{"rendered":"<p>Einkaufen Vom Lebensmittelmarkt \u00fcber das Fachgesch\u00e4ft bis hin zur kleinen Boutique &#8211; die Stadt Lohr deckt nicht nur den Bedarf des t\u00e4glichen Lebens, sondern ist auch auf spezielle Kundenw\u00fcnsche eingestellt. SHOPPEN IN UND UM LOHR Foto: \u00a9Touristinformation Lohr a.Main, Fotograf: Thomas Berberich \u201eLohr macht Laune\u201c Kleine Boutiquen statt Massenware. Einzelhandel statt Einheitsbrei. Das ist Einkaufen [&hellip;]<\/p>","protected":false},"author":2,"featured_media":0,"parent":0,"menu_order":0,"comment_status":"closed","ping_status":"closed","template":"","meta":{"footnotes":""},"class_list":["post-55","page","type-page","status-publish","hentry"],"_links":{"self":[{"href":"https:\/\/hotel-spessarttor.de\/en\/wp-json\/wp\/v2\/pages\/55","targetHints":{"allow":["GET"]}}],"collection":[{"href":"https:\/\/hotel-spessarttor.de\/en\/wp-json\/wp\/v2\/pages"}],"about":[{"href":"https:\/\/hotel-spessarttor.de\/en\/wp-json\/wp\/v2\/types\/page"}],"author":[{"embeddable":true,"href":"https:\/\/hotel-spessarttor.de\/en\/wp-json\/wp\/v2\/users\/2"}],"replies":[{"embeddable":true,"href":"https:\/\/hotel-spessarttor.de\/en\/wp-json\/wp\/v2\/comments?post=55"}],"version-history":[{"count":25,"href":"https:\/\/hotel-spessarttor.de\/en\/wp-json\/wp\/v2\/pages\/55\/revisions"}],"predecessor-version":[{"id":976,"href":"https:\/\/hotel-spessarttor.de\/en\/wp-json\/wp\/v2\/pages\/55\/revisions\/976"}],"wp:attachment":[{"href":"https:\/\/hotel-spessarttor.de\/en\/wp-json\/wp\/v2\/media?parent=55"}],"curies":[{"name":"wp","href":"https:\/\/api.w.org\/{rel}","templated":true}]}}