{"id":51,"date":"2022-08-09T15:18:00","date_gmt":"2022-08-09T13:18:00","guid":{"rendered":"http:\/\/entwicklung7.medialife.works\/?page_id=51"},"modified":"2023-01-11T09:33:00","modified_gmt":"2023-01-11T08:33:00","slug":"freizeit-auf-dem-main","status":"publish","type":"page","link":"https:\/\/hotel-spessarttor.de\/en\/freizeit-auf-dem-main\/","title":{"rendered":"Freizeit \u2013 Auf dem Main"},"content":{"rendered":"<div data-elementor-type=\"wp-page\" data-elementor-id=\"51\" class=\"elementor elementor-51\" data-elementor-post-type=\"page\">\n\t\t\t\t\t\t<section class=\"elementor-section elementor-top-section elementor-element elementor-element-caeccf0 elementor-section-full_width elementor-section-height-min-height elementor-section-height-default elementor-section-items-middle\" data-id=\"caeccf0\" data-element_type=\"section\" data-settings=\"{&quot;background_background&quot;:&quot;classic&quot;}\">\n\t\t\t\t\t\t\t<div class=\"elementor-background-overlay\"><\/div>\n\t\t\t\t\t\t\t<div class=\"elementor-container elementor-column-gap-default\">\n\t\t\t\t\t<div class=\"elementor-column elementor-col-100 elementor-top-column elementor-element elementor-element-d6dda4f\" data-id=\"d6dda4f\" data-element_type=\"column\">\n\t\t\t<div class=\"elementor-widget-wrap elementor-element-populated\">\n\t\t\t\t\t\t<section class=\"elementor-section elementor-inner-section elementor-element elementor-element-794e90c elementor-section-content-bottom elementor-section-boxed elementor-section-height-default elementor-section-height-default\" data-id=\"794e90c\" data-element_type=\"section\">\n\t\t\t\t\t\t\t<div class=\"elementor-background-overlay\"><\/div>\n\t\t\t\t\t\t\t<div class=\"elementor-container elementor-column-gap-default\">\n\t\t\t\t\t<div class=\"elementor-column elementor-col-100 elementor-inner-column elementor-element elementor-element-c8f0f4c\" data-id=\"c8f0f4c\" data-element_type=\"column\" data-settings=\"{&quot;background_background&quot;:&quot;classic&quot;}\">\n\t\t\t<div class=\"elementor-widget-wrap elementor-element-populated\">\n\t\t\t\t\t<div class=\"elementor-background-overlay\"><\/div>\n\t\t\t\t\t\t<div class=\"elementor-element elementor-element-b2e7fa0 elementor-widget elementor-widget-heading\" data-id=\"b2e7fa0\" data-element_type=\"widget\" data-widget_type=\"heading.default\">\n\t\t\t\t<div class=\"elementor-widget-container\">\n\t\t\t<style>\/*! elementor - v3.21.0 - 26-05-2024 *\/\n.elementor-heading-title{padding:0;margin:0;line-height:1}.elementor-widget-heading .elementor-heading-title[class*=elementor-size-]>a{color:inherit;font-size:inherit;line-height:inherit}.elementor-widget-heading .elementor-heading-title.elementor-size-small{font-size:15px}.elementor-widget-heading .elementor-heading-title.elementor-size-medium{font-size:19px}.elementor-widget-heading .elementor-heading-title.elementor-size-large{font-size:29px}.elementor-widget-heading .elementor-heading-title.elementor-size-xl{font-size:39px}.elementor-widget-heading .elementor-heading-title.elementor-size-xxl{font-size:59px}<\/style><h2 class=\"elementor-heading-title elementor-size-default\">On the water<\/h2>\t\t<\/div>\n\t\t\t\t<\/div>\n\t\t\t\t<div class=\"elementor-element elementor-element-21d066b elementor-widget elementor-widget-text-editor\" data-id=\"21d066b\" data-element_type=\"widget\" data-widget_type=\"text-editor.default\">\n\t\t\t\t<div class=\"elementor-widget-container\">\n\t\t\t<style>\/*! elementor - v3.21.0 - 26-05-2024 *\/\n.elementor-widget-text-editor.elementor-drop-cap-view-stacked .elementor-drop-cap{background-color:#69727d;color:#fff}.elementor-widget-text-editor.elementor-drop-cap-view-framed .elementor-drop-cap{color:#69727d;border:3px solid;background-color:transparent}.elementor-widget-text-editor:not(.elementor-drop-cap-view-default) .elementor-drop-cap{margin-top:8px}.elementor-widget-text-editor:not(.elementor-drop-cap-view-default) .elementor-drop-cap-letter{width:1em;height:1em}.elementor-widget-text-editor .elementor-drop-cap{float:left;text-align:center;line-height:1;font-size:50px}.elementor-widget-text-editor .elementor-drop-cap-letter{display:inline-block}<\/style>\t\t\t\t<p>To relax and feel good with a cup of coffee, we recommend a leisurely trip on the excursion boat Maintalbummler past Main meadows, blooming meadows and dreamy villages.<\/p>\t\t\t\t\t\t<\/div>\n\t\t\t\t<\/div>\n\t\t\t\t\t<\/div>\n\t\t<\/div>\n\t\t\t\t\t<\/div>\n\t\t<\/section>\n\t\t\t\t\t<\/div>\n\t\t<\/div>\n\t\t\t\t\t<\/div>\n\t\t<\/section>\n\t\t\t\t<section class=\"elementor-section elementor-top-section elementor-element elementor-element-c554ec0 elementor-section-boxed elementor-section-height-default elementor-section-height-default\" data-id=\"c554ec0\" data-element_type=\"section\">\n\t\t\t\t\t\t\t<div class=\"elementor-background-overlay\"><\/div>\n\t\t\t\t\t\t\t<div class=\"elementor-container elementor-column-gap-default\">\n\t\t\t\t\t<div class=\"elementor-column elementor-col-100 elementor-top-column elementor-element elementor-element-d86819f\" data-id=\"d86819f\" data-element_type=\"column\">\n\t\t\t<div class=\"elementor-widget-wrap elementor-element-populated\">\n\t\t\t\t\t\t<div class=\"elementor-element elementor-element-c85b23a elementor-widget elementor-widget-image\" data-id=\"c85b23a\" data-element_type=\"widget\" data-widget_type=\"image.default\">\n\t\t\t\t<div class=\"elementor-widget-container\">\n\t\t\t<style>\/*! elementor - v3.21.0 - 26-05-2024 *\/\n.elementor-widget-image{text-align:center}.elementor-widget-image a{display:inline-block}.elementor-widget-image a img[src$=\".svg\"]{width:48px}.elementor-widget-image img{vertical-align:middle;display:inline-block}<\/style>\t\t\t\t\t\t\t\t\t\t<img decoding=\"async\" src=\"https:\/\/hotel-spessarttor.de\/wp-content\/uploads\/2022\/08\/Pfad-16.svg\" title=\"Pfad 16\" alt=\"Pfad 16\" loading=\"lazy\" \/>\t\t\t\t\t\t\t\t\t\t\t\t\t<\/div>\n\t\t\t\t<\/div>\n\t\t\t\t<section class=\"elementor-section elementor-inner-section elementor-element elementor-element-cfc475b elementor-section-boxed elementor-section-height-default elementor-section-height-default\" data-id=\"cfc475b\" data-element_type=\"section\">\n\t\t\t\t\t\t<div class=\"elementor-container elementor-column-gap-default\">\n\t\t\t\t\t<div class=\"elementor-column elementor-col-100 elementor-inner-column elementor-element elementor-element-1bd33e3\" data-id=\"1bd33e3\" data-element_type=\"column\">\n\t\t\t<div class=\"elementor-widget-wrap elementor-element-populated\">\n\t\t\t\t\t\t<div class=\"elementor-element elementor-element-bc95c8d elementor-widget elementor-widget-heading\" data-id=\"bc95c8d\" data-element_type=\"widget\" data-widget_type=\"heading.default\">\n\t\t\t\t<div class=\"elementor-widget-container\">\n\t\t\t<h2 class=\"elementor-heading-title elementor-size-default\">ON THE WATER<\/h2>\t\t<\/div>\n\t\t\t\t<\/div>\n\t\t\t\t\t<\/div>\n\t\t<\/div>\n\t\t\t\t\t<\/div>\n\t\t<\/section>\n\t\t\t\t<section class=\"elementor-section elementor-inner-section elementor-element elementor-element-4960812 elementor-section-full_width elementor-section-height-default elementor-section-height-default\" data-id=\"4960812\" data-element_type=\"section\">\n\t\t\t\t\t\t<div class=\"elementor-container elementor-column-gap-default\">\n\t\t\t\t\t<div class=\"elementor-column elementor-col-50 elementor-inner-column elementor-element elementor-element-ac4f110\" data-id=\"ac4f110\" data-element_type=\"column\">\n\t\t\t<div class=\"elementor-widget-wrap elementor-element-populated\">\n\t\t\t\t\t\t<div class=\"elementor-element elementor-element-849404c elementor-widget elementor-widget-image\" data-id=\"849404c\" data-element_type=\"widget\" data-widget_type=\"image.default\">\n\t\t\t\t<div class=\"elementor-widget-container\">\n\t\t\t\t\t\t\t\t\t\t\t\t\t<img fetchpriority=\"high\" decoding=\"async\" width=\"800\" height=\"450\" src=\"https:\/\/hotel-spessarttor.de\/wp-content\/uploads\/2022\/08\/Lohr_Herbst_Maintalbummler_1@2x-1024x576.png\" class=\"attachment-large size-large wp-image-262\" alt=\"\" srcset=\"https:\/\/hotel-spessarttor.de\/wp-content\/uploads\/2022\/08\/Lohr_Herbst_Maintalbummler_1@2x-1024x576.png 1024w, https:\/\/hotel-spessarttor.de\/wp-content\/uploads\/2022\/08\/Lohr_Herbst_Maintalbummler_1@2x-300x169.png 300w, https:\/\/hotel-spessarttor.de\/wp-content\/uploads\/2022\/08\/Lohr_Herbst_Maintalbummler_1@2x-768x432.png 768w, https:\/\/hotel-spessarttor.de\/wp-content\/uploads\/2022\/08\/Lohr_Herbst_Maintalbummler_1@2x.png 1060w\" sizes=\"(max-width: 800px) 100vw, 800px\" \/>\t\t\t\t\t\t\t\t\t\t\t\t\t<\/div>\n\t\t\t\t<\/div>\n\t\t\t\t<div class=\"elementor-element elementor-element-be0f452 elementor-widget elementor-widget-text-editor\" data-id=\"be0f452\" data-element_type=\"widget\" data-widget_type=\"text-editor.default\">\n\t\t\t\t<div class=\"elementor-widget-container\">\n\t\t\t\t\t\t\t<p>Foto: \u00a9Touristinformation Lohr a.Main<\/p>\t\t\t\t\t\t<\/div>\n\t\t\t\t<\/div>\n\t\t\t\t\t<\/div>\n\t\t<\/div>\n\t\t\t\t<div class=\"elementor-column elementor-col-50 elementor-inner-column elementor-element elementor-element-cbe1f5e\" data-id=\"cbe1f5e\" data-element_type=\"column\">\n\t\t\t<div class=\"elementor-widget-wrap elementor-element-populated\">\n\t\t\t\t\t\t<div class=\"elementor-element elementor-element-91351bc elementor-widget elementor-widget-text-editor\" data-id=\"91351bc\" data-element_type=\"widget\" data-widget_type=\"text-editor.default\">\n\t\t\t\t<div class=\"elementor-widget-container\">\n\t\t\t\t\t\t\t<p><b>Maintal Bummler<\/b><\/p><p>Almost daily there is the possibility of round trips starting from the pier at the Main parking lot in Lohr. Charter trips can be booked for larger groups.<\/p>\t\t\t\t\t\t<\/div>\n\t\t\t\t<\/div>\n\t\t\t\t<div class=\"elementor-element elementor-element-af8041e hotel_details elementor-icon-list--layout-traditional elementor-list-item-link-full_width elementor-widget elementor-widget-icon-list\" data-id=\"af8041e\" data-element_type=\"widget\" data-widget_type=\"icon-list.default\">\n\t\t\t\t<div class=\"elementor-widget-container\">\n\t\t\t<link rel=\"stylesheet\" href=\"https:\/\/hotel-spessarttor.de\/wp-content\/plugins\/elementor\/assets\/css\/widget-icon-list.min.css\">\t\t<ul class=\"elementor-icon-list-items\">\n\t\t\t\t\t\t\t<li class=\"elementor-icon-list-item\">\n\t\t\t\t\t\t\t\t\t\t\t<a href=\"http:\/\/www.maintal-bummler.de\/\" target=\"_blank\">\n\n\t\t\t\t\t\t\t\t\t\t\t\t<span class=\"elementor-icon-list-icon\">\n\t\t\t\t\t\t\t<svg xmlns=\"http:\/\/www.w3.org\/2000\/svg\" xmlns:xlink=\"http:\/\/www.w3.org\/1999\/xlink\" id=\"Ebene_1\" x=\"0px\" y=\"0px\" viewbox=\"0 0 49.8 25.1\" style=\"enable-background:new 0 0 49.8 25.1;\" xml:space=\"preserve\"><style type=\"text\/css\">\t.st0{fill:none;}<\/style><path id=\"Pfad_41\" class=\"st0\" d=\"M15.2,0.7l8.4,11.1c-1,0-1.9,0-2.8,0c-0.3-0.1-0.5-0.3-0.7-0.5c-2.2-2.9-4.3-5.9-6.4-8.8 c-1.1-1.5-1.6-1.7-3.6-1.7l8.4,11.1c-1,0-1.9,0-2.7,0c-0.3,0-0.6-0.3-0.7-0.6C13,8.2,10.8,5.3,8.8,2.4c-0.5-1-1.5-1.6-2.6-1.6 c-0.4,0-0.8-0.1-1.1-0.2l8.5,11.2c-1.1,0-1.9,0-2.8,0c-0.2,0-0.4-0.3-0.6-0.6C8,8.2,5.8,5.4,3.8,2.4C2.9,0.9,1.6,0.8,0,0.6l9.1,12 L0,24.5c1-0.2,1.7-0.3,2.5-0.5C2.8,24,3,23.8,3.2,23.5c2.3-3.1,4.5-6.1,6.8-9.2c0.3-0.6,1-1,1.7-0.9c0.6,0,1.3,0,1.9,0l-8.4,11 C6.6,24.7,8,24,8.8,22.7c2.1-2.8,4.2-5.7,6.3-8.5c0.3-0.6,1-0.9,1.6-0.8c0.7,0,1.3,0,2,0l-8.6,11.1c1-0.2,1.8-0.3,2.6-0.5 c0.3-0.1,0.5-0.3,0.7-0.6c2.3-3.1,4.6-6.2,6.9-9.4c0.3-0.5,0.8-0.8,1.4-0.7c0.6,0,1.2,0,2.1,0l-8.4,11c1.8,0.1,2.6-0.3,3.6-1.6 c2.2-2.9,4.3-5.9,6.5-8.8c0.2-0.3,0.5-0.5,0.8-0.5c5.7,0,11.5,0,17.5,0c-2.1,1.1-3.8,2.9-4.8,5c-0.9,2.1-0.9,4.5-0.1,6.7 c-0.1-3,1.1-6,3.2-8.2c2.2-2.2,4.9-3.7,7.9-4.4C43.2,10.6,38.6,6.5,38.8,0c-1.3,2.8-1.2,8.2,4.9,11.7c-0.3,0-0.6,0-0.8,0 c-5.5,0-10.9,0-16.4,0c-0.5,0-1-0.2-1.3-0.7c-2.1-3-4.3-5.9-6.4-8.8C17.8,1,17,0.6,15.2,0.7z\"><\/path><\/svg>\t\t\t\t\t\t<\/span>\n\t\t\t\t\t\t\t\t\t\t<span class=\"elementor-icon-list-text\">www.maintal-bummler.de<\/span>\n\t\t\t\t\t\t\t\t\t\t\t<\/a>\n\t\t\t\t\t\t\t\t\t<\/li>\n\t\t\t\t\t\t<\/ul>\n\t\t\t\t<\/div>\n\t\t\t\t<\/div>\n\t\t\t\t\t<\/div>\n\t\t<\/div>\n\t\t\t\t\t<\/div>\n\t\t<\/section>\n\t\t\t\t<section class=\"elementor-section elementor-inner-section elementor-element elementor-element-64ea4ab elementor-reverse-mobile elementor-section-full_width elementor-section-height-default elementor-section-height-default\" data-id=\"64ea4ab\" data-element_type=\"section\">\n\t\t\t\t\t\t<div class=\"elementor-container elementor-column-gap-default\">\n\t\t\t\t\t<div class=\"elementor-column elementor-col-50 elementor-inner-column elementor-element elementor-element-eee0564\" data-id=\"eee0564\" data-element_type=\"column\">\n\t\t\t<div class=\"elementor-widget-wrap elementor-element-populated\">\n\t\t\t\t\t\t<div class=\"elementor-element elementor-element-8601141 elementor-widget elementor-widget-text-editor\" data-id=\"8601141\" data-element_type=\"widget\" data-widget_type=\"text-editor.default\">\n\t\t\t\t<div class=\"elementor-widget-container\">\n\t\t\t\t\t\t\t<p><b>A canoe trip on the Franconian river Saale<\/b><\/p>\n<p>The Franconian Saale rises in the Grabfeldgau and flows into the Main near Gem\u00fcnden. It is navigable for 96 km, of which about 60 km are year-round for canoes, folding boats or kayaks.<\/p>\t\t\t\t\t\t<\/div>\n\t\t\t\t<\/div>\n\t\t\t\t<div class=\"elementor-element elementor-element-df5a616 hotel_details elementor-icon-list--layout-traditional elementor-list-item-link-full_width elementor-widget elementor-widget-icon-list\" data-id=\"df5a616\" data-element_type=\"widget\" data-widget_type=\"icon-list.default\">\n\t\t\t\t<div class=\"elementor-widget-container\">\n\t\t\t\t\t<ul class=\"elementor-icon-list-items\">\n\t\t\t\t\t\t\t<li class=\"elementor-icon-list-item\">\n\t\t\t\t\t\t\t\t\t\t\t<a href=\"https:\/\/www.saale-kanu-erlebnis.de\/kanutouren.html\" target=\"_blank\">\n\n\t\t\t\t\t\t\t\t\t\t\t\t<span class=\"elementor-icon-list-icon\">\n\t\t\t\t\t\t\t<svg xmlns=\"http:\/\/www.w3.org\/2000\/svg\" xmlns:xlink=\"http:\/\/www.w3.org\/1999\/xlink\" id=\"Ebene_1\" x=\"0px\" y=\"0px\" viewbox=\"0 0 49.8 25.1\" style=\"enable-background:new 0 0 49.8 25.1;\" xml:space=\"preserve\"><style type=\"text\/css\">\t.st0{fill:none;}<\/style><path id=\"Pfad_41\" class=\"st0\" d=\"M15.2,0.7l8.4,11.1c-1,0-1.9,0-2.8,0c-0.3-0.1-0.5-0.3-0.7-0.5c-2.2-2.9-4.3-5.9-6.4-8.8 c-1.1-1.5-1.6-1.7-3.6-1.7l8.4,11.1c-1,0-1.9,0-2.7,0c-0.3,0-0.6-0.3-0.7-0.6C13,8.2,10.8,5.3,8.8,2.4c-0.5-1-1.5-1.6-2.6-1.6 c-0.4,0-0.8-0.1-1.1-0.2l8.5,11.2c-1.1,0-1.9,0-2.8,0c-0.2,0-0.4-0.3-0.6-0.6C8,8.2,5.8,5.4,3.8,2.4C2.9,0.9,1.6,0.8,0,0.6l9.1,12 L0,24.5c1-0.2,1.7-0.3,2.5-0.5C2.8,24,3,23.8,3.2,23.5c2.3-3.1,4.5-6.1,6.8-9.2c0.3-0.6,1-1,1.7-0.9c0.6,0,1.3,0,1.9,0l-8.4,11 C6.6,24.7,8,24,8.8,22.7c2.1-2.8,4.2-5.7,6.3-8.5c0.3-0.6,1-0.9,1.6-0.8c0.7,0,1.3,0,2,0l-8.6,11.1c1-0.2,1.8-0.3,2.6-0.5 c0.3-0.1,0.5-0.3,0.7-0.6c2.3-3.1,4.6-6.2,6.9-9.4c0.3-0.5,0.8-0.8,1.4-0.7c0.6,0,1.2,0,2.1,0l-8.4,11c1.8,0.1,2.6-0.3,3.6-1.6 c2.2-2.9,4.3-5.9,6.5-8.8c0.2-0.3,0.5-0.5,0.8-0.5c5.7,0,11.5,0,17.5,0c-2.1,1.1-3.8,2.9-4.8,5c-0.9,2.1-0.9,4.5-0.1,6.7 c-0.1-3,1.1-6,3.2-8.2c2.2-2.2,4.9-3.7,7.9-4.4C43.2,10.6,38.6,6.5,38.8,0c-1.3,2.8-1.2,8.2,4.9,11.7c-0.3,0-0.6,0-0.8,0 c-5.5,0-10.9,0-16.4,0c-0.5,0-1-0.2-1.3-0.7c-2.1-3-4.3-5.9-6.4-8.8C17.8,1,17,0.6,15.2,0.7z\"><\/path><\/svg>\t\t\t\t\t\t<\/span>\n\t\t\t\t\t\t\t\t\t\t<span class=\"elementor-icon-list-text\">www.saale-kanu-erlebnis.de<\/span>\n\t\t\t\t\t\t\t\t\t\t\t<\/a>\n\t\t\t\t\t\t\t\t\t<\/li>\n\t\t\t\t\t\t\t\t<li class=\"elementor-icon-list-item\">\n\t\t\t\t\t\t\t\t\t\t\t<a href=\"https:\/\/www.mckamp.de\/\" target=\"_blank\">\n\n\t\t\t\t\t\t\t\t\t\t\t\t<span class=\"elementor-icon-list-icon\">\n\t\t\t\t\t\t\t<svg xmlns=\"http:\/\/www.w3.org\/2000\/svg\" xmlns:xlink=\"http:\/\/www.w3.org\/1999\/xlink\" id=\"Ebene_1\" x=\"0px\" y=\"0px\" viewbox=\"0 0 49.8 25.1\" style=\"enable-background:new 0 0 49.8 25.1;\" xml:space=\"preserve\"><style type=\"text\/css\">\t.st0{fill:none;}<\/style><path id=\"Pfad_41\" class=\"st0\" d=\"M15.2,0.7l8.4,11.1c-1,0-1.9,0-2.8,0c-0.3-0.1-0.5-0.3-0.7-0.5c-2.2-2.9-4.3-5.9-6.4-8.8 c-1.1-1.5-1.6-1.7-3.6-1.7l8.4,11.1c-1,0-1.9,0-2.7,0c-0.3,0-0.6-0.3-0.7-0.6C13,8.2,10.8,5.3,8.8,2.4c-0.5-1-1.5-1.6-2.6-1.6 c-0.4,0-0.8-0.1-1.1-0.2l8.5,11.2c-1.1,0-1.9,0-2.8,0c-0.2,0-0.4-0.3-0.6-0.6C8,8.2,5.8,5.4,3.8,2.4C2.9,0.9,1.6,0.8,0,0.6l9.1,12 L0,24.5c1-0.2,1.7-0.3,2.5-0.5C2.8,24,3,23.8,3.2,23.5c2.3-3.1,4.5-6.1,6.8-9.2c0.3-0.6,1-1,1.7-0.9c0.6,0,1.3,0,1.9,0l-8.4,11 C6.6,24.7,8,24,8.8,22.7c2.1-2.8,4.2-5.7,6.3-8.5c0.3-0.6,1-0.9,1.6-0.8c0.7,0,1.3,0,2,0l-8.6,11.1c1-0.2,1.8-0.3,2.6-0.5 c0.3-0.1,0.5-0.3,0.7-0.6c2.3-3.1,4.6-6.2,6.9-9.4c0.3-0.5,0.8-0.8,1.4-0.7c0.6,0,1.2,0,2.1,0l-8.4,11c1.8,0.1,2.6-0.3,3.6-1.6 c2.2-2.9,4.3-5.9,6.5-8.8c0.2-0.3,0.5-0.5,0.8-0.5c5.7,0,11.5,0,17.5,0c-2.1,1.1-3.8,2.9-4.8,5c-0.9,2.1-0.9,4.5-0.1,6.7 c-0.1-3,1.1-6,3.2-8.2c2.2-2.2,4.9-3.7,7.9-4.4C43.2,10.6,38.6,6.5,38.8,0c-1.3,2.8-1.2,8.2,4.9,11.7c-0.3,0-0.6,0-0.8,0 c-5.5,0-10.9,0-16.4,0c-0.5,0-1-0.2-1.3-0.7c-2.1-3-4.3-5.9-6.4-8.8C17.8,1,17,0.6,15.2,0.7z\"><\/path><\/svg>\t\t\t\t\t\t<\/span>\n\t\t\t\t\t\t\t\t\t\t<span class=\"elementor-icon-list-text\">www.mckamp.de<\/span>\n\t\t\t\t\t\t\t\t\t\t\t<\/a>\n\t\t\t\t\t\t\t\t\t<\/li>\n\t\t\t\t\t\t<\/ul>\n\t\t\t\t<\/div>\n\t\t\t\t<\/div>\n\t\t\t\t\t<\/div>\n\t\t<\/div>\n\t\t\t\t<div class=\"elementor-column elementor-col-50 elementor-inner-column elementor-element elementor-element-4049f43\" data-id=\"4049f43\" data-element_type=\"column\">\n\t\t\t<div class=\"elementor-widget-wrap elementor-element-populated\">\n\t\t\t\t\t\t<div class=\"elementor-element elementor-element-72d2efd elementor-widget elementor-widget-image\" data-id=\"72d2efd\" data-element_type=\"widget\" data-widget_type=\"image.default\">\n\t\t\t\t<div class=\"elementor-widget-container\">\n\t\t\t\t\t\t\t\t\t\t\t\t\t<img decoding=\"async\" width=\"800\" height=\"450\" src=\"https:\/\/hotel-spessarttor.de\/wp-content\/uploads\/2022\/08\/kanufahren-bad-kissingen1@2x-1024x576.png\" class=\"attachment-large size-large wp-image-261\" alt=\"\" srcset=\"https:\/\/hotel-spessarttor.de\/wp-content\/uploads\/2022\/08\/kanufahren-bad-kissingen1@2x-1024x576.png 1024w, https:\/\/hotel-spessarttor.de\/wp-content\/uploads\/2022\/08\/kanufahren-bad-kissingen1@2x-300x169.png 300w, https:\/\/hotel-spessarttor.de\/wp-content\/uploads\/2022\/08\/kanufahren-bad-kissingen1@2x-768x432.png 768w, https:\/\/hotel-spessarttor.de\/wp-content\/uploads\/2022\/08\/kanufahren-bad-kissingen1@2x.png 1060w\" sizes=\"(max-width: 800px) 100vw, 800px\" \/>\t\t\t\t\t\t\t\t\t\t\t\t\t<\/div>\n\t\t\t\t<\/div>\n\t\t\t\t<div class=\"elementor-element elementor-element-e13869a elementor-widget elementor-widget-text-editor\" data-id=\"e13869a\" data-element_type=\"widget\" data-widget_type=\"text-editor.default\">\n\t\t\t\t<div class=\"elementor-widget-container\">\n\t\t\t\t\t\t\t<p>Foto: Saale Kanu Erlebnis<\/p>\t\t\t\t\t\t<\/div>\n\t\t\t\t<\/div>\n\t\t\t\t\t<\/div>\n\t\t<\/div>\n\t\t\t\t\t<\/div>\n\t\t<\/section>\n\t\t\t\t<div class=\"elementor-element elementor-element-ff46d0b elementor-align-center hotel_details elementor-widget elementor-widget-button\" data-id=\"ff46d0b\" data-element_type=\"widget\" data-widget_type=\"button.default\">\n\t\t\t\t<div class=\"elementor-widget-container\">\n\t\t\t\t\t<div class=\"elementor-button-wrapper\">\n\t\t\t<a class=\"elementor-button elementor-button-link elementor-size-sm\" href=\"https:\/\/hotel-spessarttor.de\/en\/freizeit\/\">\n\t\t\t\t\t\t<span class=\"elementor-button-content-wrapper\">\n\t\t\t\t\t\t<span class=\"elementor-button-icon elementor-align-icon-left\">\n\t\t\t\t<svg xmlns=\"http:\/\/www.w3.org\/2000\/svg\" xmlns:xlink=\"http:\/\/www.w3.org\/1999\/xlink\" id=\"Ebene_1\" x=\"0px\" y=\"0px\" viewbox=\"0 0 49.8 25.1\" style=\"enable-background:new 0 0 49.8 25.1;\" xml:space=\"preserve\"><style type=\"text\/css\">\t.st0{fill:none;}<\/style><path id=\"Pfad_41\" class=\"st0\" d=\"M15.2,0.7l8.4,11.1c-1,0-1.9,0-2.8,0c-0.3-0.1-0.5-0.3-0.7-0.5c-2.2-2.9-4.3-5.9-6.4-8.8 c-1.1-1.5-1.6-1.7-3.6-1.7l8.4,11.1c-1,0-1.9,0-2.7,0c-0.3,0-0.6-0.3-0.7-0.6C13,8.2,10.8,5.3,8.8,2.4c-0.5-1-1.5-1.6-2.6-1.6 c-0.4,0-0.8-0.1-1.1-0.2l8.5,11.2c-1.1,0-1.9,0-2.8,0c-0.2,0-0.4-0.3-0.6-0.6C8,8.2,5.8,5.4,3.8,2.4C2.9,0.9,1.6,0.8,0,0.6l9.1,12 L0,24.5c1-0.2,1.7-0.3,2.5-0.5C2.8,24,3,23.8,3.2,23.5c2.3-3.1,4.5-6.1,6.8-9.2c0.3-0.6,1-1,1.7-0.9c0.6,0,1.3,0,1.9,0l-8.4,11 C6.6,24.7,8,24,8.8,22.7c2.1-2.8,4.2-5.7,6.3-8.5c0.3-0.6,1-0.9,1.6-0.8c0.7,0,1.3,0,2,0l-8.6,11.1c1-0.2,1.8-0.3,2.6-0.5 c0.3-0.1,0.5-0.3,0.7-0.6c2.3-3.1,4.6-6.2,6.9-9.4c0.3-0.5,0.8-0.8,1.4-0.7c0.6,0,1.2,0,2.1,0l-8.4,11c1.8,0.1,2.6-0.3,3.6-1.6 c2.2-2.9,4.3-5.9,6.5-8.8c0.2-0.3,0.5-0.5,0.8-0.5c5.7,0,11.5,0,17.5,0c-2.1,1.1-3.8,2.9-4.8,5c-0.9,2.1-0.9,4.5-0.1,6.7 c-0.1-3,1.1-6,3.2-8.2c2.2-2.2,4.9-3.7,7.9-4.4C43.2,10.6,38.6,6.5,38.8,0c-1.3,2.8-1.2,8.2,4.9,11.7c-0.3,0-0.6,0-0.8,0 c-5.5,0-10.9,0-16.4,0c-0.5,0-1-0.2-1.3-0.7c-2.1-3-4.3-5.9-6.4-8.8C17.8,1,17,0.6,15.2,0.7z\"><\/path><\/svg>\t\t\t<\/span>\n\t\t\t\t\t\t\t\t\t<span class=\"elementor-button-text\">MORE leisure activities<\/span>\n\t\t\t\t\t<\/span>\n\t\t\t\t\t<\/a>\n\t\t<\/div>\n\t\t\t\t<\/div>\n\t\t\t\t<\/div>\n\t\t\t\t\t<\/div>\n\t\t<\/div>\n\t\t\t\t\t<\/div>\n\t\t<\/section>\n\t\t\t\t<\/div>","protected":false},"excerpt":{"rendered":"<p>Auf dem Wasser Zum Entspannen und Wohlf\u00fchlen bei einer Tasse Kaffee empfiehlt sich eine gem\u00fctliche Fahrt auf dem Ausflugsschiff Maintalbummler vorbei an Mainauen, bl\u00fchenden Wiesen und vertr\u00e4umten D\u00f6rfern. AUF DEM WASSER Foto: \u00a9Touristinformation Lohr a.Main Maintal Bummler Fast t\u00e4glich besteht die M\u00f6glichkeit zu Rundfahrten ausgehend vom Anleger am Mainparkplatz in Lohr. F\u00fcr gr\u00f6\u00dfere Gesellschaften k\u00f6nnen [&hellip;]<\/p>","protected":false},"author":2,"featured_media":0,"parent":0,"menu_order":0,"comment_status":"closed","ping_status":"closed","template":"","meta":{"footnotes":""},"class_list":["post-51","page","type-page","status-publish","hentry"],"_links":{"self":[{"href":"https:\/\/hotel-spessarttor.de\/en\/wp-json\/wp\/v2\/pages\/51","targetHints":{"allow":["GET"]}}],"collection":[{"href":"https:\/\/hotel-spessarttor.de\/en\/wp-json\/wp\/v2\/pages"}],"about":[{"href":"https:\/\/hotel-spessarttor.de\/en\/wp-json\/wp\/v2\/types\/page"}],"author":[{"embeddable":true,"href":"https:\/\/hotel-spessarttor.de\/en\/wp-json\/wp\/v2\/users\/2"}],"replies":[{"embeddable":true,"href":"https:\/\/hotel-spessarttor.de\/en\/wp-json\/wp\/v2\/comments?post=51"}],"version-history":[{"count":22,"href":"https:\/\/hotel-spessarttor.de\/en\/wp-json\/wp\/v2\/pages\/51\/revisions"}],"predecessor-version":[{"id":970,"href":"https:\/\/hotel-spessarttor.de\/en\/wp-json\/wp\/v2\/pages\/51\/revisions\/970"}],"wp:attachment":[{"href":"https:\/\/hotel-spessarttor.de\/en\/wp-json\/wp\/v2\/media?parent=51"}],"curies":[{"name":"wp","href":"https:\/\/api.w.org\/{rel}","templated":true}]}}