{"id":45,"date":"2022-08-09T15:17:16","date_gmt":"2022-08-09T13:17:16","guid":{"rendered":"http:\/\/entwicklung7.medialife.works\/?page_id=45"},"modified":"2022-11-16T15:15:05","modified_gmt":"2022-11-16T14:15:05","slug":"freizeit-spessart-und-natur","status":"publish","type":"page","link":"https:\/\/hotel-spessarttor.de\/en\/freizeit-spessart-und-natur\/","title":{"rendered":"Freizeit \u2013 Spessart und Natur"},"content":{"rendered":"<div data-elementor-type=\"wp-page\" data-elementor-id=\"45\" class=\"elementor elementor-45\" data-elementor-post-type=\"page\">\n\t\t\t\t\t\t<section class=\"elementor-section elementor-top-section elementor-element elementor-element-8f65924 elementor-section-full_width elementor-section-height-min-height elementor-section-height-default elementor-section-items-middle\" data-id=\"8f65924\" data-element_type=\"section\" data-settings=\"{&quot;background_background&quot;:&quot;classic&quot;}\">\n\t\t\t\t\t\t\t<div class=\"elementor-background-overlay\"><\/div>\n\t\t\t\t\t\t\t<div class=\"elementor-container elementor-column-gap-default\">\n\t\t\t\t\t<div class=\"elementor-column elementor-col-100 elementor-top-column elementor-element elementor-element-e7a35ae\" data-id=\"e7a35ae\" data-element_type=\"column\">\n\t\t\t<div class=\"elementor-widget-wrap elementor-element-populated\">\n\t\t\t\t\t\t<section class=\"elementor-section elementor-inner-section elementor-element elementor-element-fc782d2 elementor-section-content-bottom elementor-section-boxed elementor-section-height-default elementor-section-height-default\" data-id=\"fc782d2\" data-element_type=\"section\">\n\t\t\t\t\t\t\t<div class=\"elementor-background-overlay\"><\/div>\n\t\t\t\t\t\t\t<div class=\"elementor-container elementor-column-gap-default\">\n\t\t\t\t\t<div class=\"elementor-column elementor-col-100 elementor-inner-column elementor-element elementor-element-d136839\" data-id=\"d136839\" data-element_type=\"column\" data-settings=\"{&quot;background_background&quot;:&quot;classic&quot;}\">\n\t\t\t<div class=\"elementor-widget-wrap elementor-element-populated\">\n\t\t\t\t\t<div class=\"elementor-background-overlay\"><\/div>\n\t\t\t\t\t\t<div class=\"elementor-element elementor-element-db03cbe elementor-widget elementor-widget-heading\" data-id=\"db03cbe\" data-element_type=\"widget\" data-widget_type=\"heading.default\">\n\t\t\t\t<div class=\"elementor-widget-container\">\n\t\t\t<style>\/*! elementor - v3.21.0 - 26-05-2024 *\/\n.elementor-heading-title{padding:0;margin:0;line-height:1}.elementor-widget-heading .elementor-heading-title[class*=elementor-size-]>a{color:inherit;font-size:inherit;line-height:inherit}.elementor-widget-heading .elementor-heading-title.elementor-size-small{font-size:15px}.elementor-widget-heading .elementor-heading-title.elementor-size-medium{font-size:19px}.elementor-widget-heading .elementor-heading-title.elementor-size-large{font-size:29px}.elementor-widget-heading .elementor-heading-title.elementor-size-xl{font-size:39px}.elementor-widget-heading .elementor-heading-title.elementor-size-xxl{font-size:59px}<\/style><h2 class=\"elementor-heading-title elementor-size-default\">Spessart and nature<\/h2>\t\t<\/div>\n\t\t\t\t<\/div>\n\t\t\t\t<div class=\"elementor-element elementor-element-9d8b6b2 elementor-widget elementor-widget-text-editor\" data-id=\"9d8b6b2\" data-element_type=\"widget\" data-widget_type=\"text-editor.default\">\n\t\t\t\t<div class=\"elementor-widget-container\">\n\t\t\t<style>\/*! elementor - v3.21.0 - 26-05-2024 *\/\n.elementor-widget-text-editor.elementor-drop-cap-view-stacked .elementor-drop-cap{background-color:#69727d;color:#fff}.elementor-widget-text-editor.elementor-drop-cap-view-framed .elementor-drop-cap{color:#69727d;border:3px solid;background-color:transparent}.elementor-widget-text-editor:not(.elementor-drop-cap-view-default) .elementor-drop-cap{margin-top:8px}.elementor-widget-text-editor:not(.elementor-drop-cap-view-default) .elementor-drop-cap-letter{width:1em;height:1em}.elementor-widget-text-editor .elementor-drop-cap{float:left;text-align:center;line-height:1;font-size:50px}.elementor-widget-text-editor .elementor-drop-cap-letter{display:inline-block}<\/style>\t\t\t\t<p>The Spessart is considered one of the most densely wooded low mountain ranges in Germany. Far away from the hustle and bustle of hectic cities, the Spessart is a guarantee for pure nature experience and relaxation.<\/p>\t\t\t\t\t\t<\/div>\n\t\t\t\t<\/div>\n\t\t\t\t\t<\/div>\n\t\t<\/div>\n\t\t\t\t\t<\/div>\n\t\t<\/section>\n\t\t\t\t\t<\/div>\n\t\t<\/div>\n\t\t\t\t\t<\/div>\n\t\t<\/section>\n\t\t\t\t<section class=\"elementor-section elementor-top-section elementor-element elementor-element-13739cb elementor-section-boxed elementor-section-height-default elementor-section-height-default\" data-id=\"13739cb\" data-element_type=\"section\">\n\t\t\t\t\t\t\t<div class=\"elementor-background-overlay\"><\/div>\n\t\t\t\t\t\t\t<div class=\"elementor-container elementor-column-gap-default\">\n\t\t\t\t\t<div class=\"elementor-column elementor-col-100 elementor-top-column elementor-element elementor-element-363781a\" data-id=\"363781a\" data-element_type=\"column\">\n\t\t\t<div class=\"elementor-widget-wrap elementor-element-populated\">\n\t\t\t\t\t\t<div class=\"elementor-element elementor-element-c4de4bc elementor-widget elementor-widget-image\" data-id=\"c4de4bc\" data-element_type=\"widget\" data-widget_type=\"image.default\">\n\t\t\t\t<div class=\"elementor-widget-container\">\n\t\t\t<style>\/*! elementor - v3.21.0 - 26-05-2024 *\/\n.elementor-widget-image{text-align:center}.elementor-widget-image a{display:inline-block}.elementor-widget-image a img[src$=\".svg\"]{width:48px}.elementor-widget-image img{vertical-align:middle;display:inline-block}<\/style>\t\t\t\t\t\t\t\t\t\t<img decoding=\"async\" src=\"https:\/\/hotel-spessarttor.de\/wp-content\/uploads\/2022\/08\/Pfad-16.svg\" title=\"Pfad 16\" alt=\"Pfad 16\" loading=\"lazy\" \/>\t\t\t\t\t\t\t\t\t\t\t\t\t<\/div>\n\t\t\t\t<\/div>\n\t\t\t\t<section class=\"elementor-section elementor-inner-section elementor-element elementor-element-7d4f991 elementor-section-boxed elementor-section-height-default elementor-section-height-default\" data-id=\"7d4f991\" data-element_type=\"section\">\n\t\t\t\t\t\t<div class=\"elementor-container elementor-column-gap-default\">\n\t\t\t\t\t<div class=\"elementor-column elementor-col-100 elementor-inner-column elementor-element elementor-element-7438519\" data-id=\"7438519\" data-element_type=\"column\">\n\t\t\t<div class=\"elementor-widget-wrap elementor-element-populated\">\n\t\t\t\t\t\t<div class=\"elementor-element elementor-element-8c577b0 elementor-widget elementor-widget-heading\" data-id=\"8c577b0\" data-element_type=\"widget\" data-widget_type=\"heading.default\">\n\t\t\t\t<div class=\"elementor-widget-container\">\n\t\t\t<h2 class=\"elementor-heading-title elementor-size-default\">THE SPESSART<\/h2>\t\t<\/div>\n\t\t\t\t<\/div>\n\t\t\t\t<div class=\"elementor-element elementor-element-e390703 elementor-widget elementor-widget-text-editor\" data-id=\"e390703\" data-element_type=\"widget\" data-widget_type=\"text-editor.default\">\n\t\t\t\t<div class=\"elementor-widget-container\">\n\t\t\t\t\t\t\t<p>Around the beautiful town of Lohr is one of the most densely wooded low mountain ranges and one of the most beautiful nature parks in Germany - the Spessart. With its dense forests and heights up to 586 m, the Spessart is a scenically beautiful and unique natural experience. In the north of the Spessart conifers predominate, in the south and high Spessart beech and oak trees. In its impressive and untouched flora and fauna, a species-rich floral world can be seen and wild berries and mushrooms thrive in great numbers. Bird lovers also get their money's worth here: hawks, sparrow hawks, buzzards and woodpeckers are native to the Spessart. In addition, there are a large number of deer, roe deer and wild boar.<\/p><p>\u00a0<\/p><p>From the old forest to this day are told stories of robbers and scary about eerie inns. Today, guests find typical Franconian hospitality with good wine and hearty meals in the inns. With its many winding paths, the Spessart is also a paradise for cyclists and hikers.<\/p>\t\t\t\t\t\t<\/div>\n\t\t\t\t<\/div>\n\t\t\t\t<div class=\"elementor-element elementor-element-b8b7c40 elementor-align-center hotel_details elementor-icon-list--layout-traditional elementor-list-item-link-full_width elementor-widget elementor-widget-icon-list\" data-id=\"b8b7c40\" data-element_type=\"widget\" data-widget_type=\"icon-list.default\">\n\t\t\t\t<div class=\"elementor-widget-container\">\n\t\t\t<link rel=\"stylesheet\" href=\"https:\/\/hotel-spessarttor.de\/wp-content\/plugins\/elementor\/assets\/css\/widget-icon-list.min.css\">\t\t<ul class=\"elementor-icon-list-items\">\n\t\t\t\t\t\t\t<li class=\"elementor-icon-list-item\">\n\t\t\t\t\t\t\t\t\t\t\t<a href=\"https:\/\/www.naturpark-spessart.de\/index.php\" target=\"_blank\">\n\n\t\t\t\t\t\t\t\t\t\t\t\t<span class=\"elementor-icon-list-icon\">\n\t\t\t\t\t\t\t<svg xmlns=\"http:\/\/www.w3.org\/2000\/svg\" xmlns:xlink=\"http:\/\/www.w3.org\/1999\/xlink\" id=\"Ebene_1\" x=\"0px\" y=\"0px\" viewbox=\"0 0 49.8 25.1\" style=\"enable-background:new 0 0 49.8 25.1;\" xml:space=\"preserve\"><style type=\"text\/css\">\t.st0{fill:none;}<\/style><path id=\"Pfad_41\" class=\"st0\" d=\"M15.2,0.7l8.4,11.1c-1,0-1.9,0-2.8,0c-0.3-0.1-0.5-0.3-0.7-0.5c-2.2-2.9-4.3-5.9-6.4-8.8 c-1.1-1.5-1.6-1.7-3.6-1.7l8.4,11.1c-1,0-1.9,0-2.7,0c-0.3,0-0.6-0.3-0.7-0.6C13,8.2,10.8,5.3,8.8,2.4c-0.5-1-1.5-1.6-2.6-1.6 c-0.4,0-0.8-0.1-1.1-0.2l8.5,11.2c-1.1,0-1.9,0-2.8,0c-0.2,0-0.4-0.3-0.6-0.6C8,8.2,5.8,5.4,3.8,2.4C2.9,0.9,1.6,0.8,0,0.6l9.1,12 L0,24.5c1-0.2,1.7-0.3,2.5-0.5C2.8,24,3,23.8,3.2,23.5c2.3-3.1,4.5-6.1,6.8-9.2c0.3-0.6,1-1,1.7-0.9c0.6,0,1.3,0,1.9,0l-8.4,11 C6.6,24.7,8,24,8.8,22.7c2.1-2.8,4.2-5.7,6.3-8.5c0.3-0.6,1-0.9,1.6-0.8c0.7,0,1.3,0,2,0l-8.6,11.1c1-0.2,1.8-0.3,2.6-0.5 c0.3-0.1,0.5-0.3,0.7-0.6c2.3-3.1,4.6-6.2,6.9-9.4c0.3-0.5,0.8-0.8,1.4-0.7c0.6,0,1.2,0,2.1,0l-8.4,11c1.8,0.1,2.6-0.3,3.6-1.6 c2.2-2.9,4.3-5.9,6.5-8.8c0.2-0.3,0.5-0.5,0.8-0.5c5.7,0,11.5,0,17.5,0c-2.1,1.1-3.8,2.9-4.8,5c-0.9,2.1-0.9,4.5-0.1,6.7 c-0.1-3,1.1-6,3.2-8.2c2.2-2.2,4.9-3.7,7.9-4.4C43.2,10.6,38.6,6.5,38.8,0c-1.3,2.8-1.2,8.2,4.9,11.7c-0.3,0-0.6,0-0.8,0 c-5.5,0-10.9,0-16.4,0c-0.5,0-1-0.2-1.3-0.7c-2.1-3-4.3-5.9-6.4-8.8C17.8,1,17,0.6,15.2,0.7z\"><\/path><\/svg>\t\t\t\t\t\t<\/span>\n\t\t\t\t\t\t\t\t\t\t<span class=\"elementor-icon-list-text\">www.naturpark-spessart.de<\/span>\n\t\t\t\t\t\t\t\t\t\t\t<\/a>\n\t\t\t\t\t\t\t\t\t<\/li>\n\t\t\t\t\t\t\t\t<li class=\"elementor-icon-list-item\">\n\t\t\t\t\t\t\t\t\t\t\t<a href=\"https:\/\/www.spessart-tourismus.de\/\" target=\"_blank\">\n\n\t\t\t\t\t\t\t\t\t\t\t\t<span class=\"elementor-icon-list-icon\">\n\t\t\t\t\t\t\t<svg xmlns=\"http:\/\/www.w3.org\/2000\/svg\" xmlns:xlink=\"http:\/\/www.w3.org\/1999\/xlink\" id=\"Ebene_1\" x=\"0px\" y=\"0px\" viewbox=\"0 0 49.8 25.1\" style=\"enable-background:new 0 0 49.8 25.1;\" xml:space=\"preserve\"><style type=\"text\/css\">\t.st0{fill:none;}<\/style><path id=\"Pfad_41\" class=\"st0\" d=\"M15.2,0.7l8.4,11.1c-1,0-1.9,0-2.8,0c-0.3-0.1-0.5-0.3-0.7-0.5c-2.2-2.9-4.3-5.9-6.4-8.8 c-1.1-1.5-1.6-1.7-3.6-1.7l8.4,11.1c-1,0-1.9,0-2.7,0c-0.3,0-0.6-0.3-0.7-0.6C13,8.2,10.8,5.3,8.8,2.4c-0.5-1-1.5-1.6-2.6-1.6 c-0.4,0-0.8-0.1-1.1-0.2l8.5,11.2c-1.1,0-1.9,0-2.8,0c-0.2,0-0.4-0.3-0.6-0.6C8,8.2,5.8,5.4,3.8,2.4C2.9,0.9,1.6,0.8,0,0.6l9.1,12 L0,24.5c1-0.2,1.7-0.3,2.5-0.5C2.8,24,3,23.8,3.2,23.5c2.3-3.1,4.5-6.1,6.8-9.2c0.3-0.6,1-1,1.7-0.9c0.6,0,1.3,0,1.9,0l-8.4,11 C6.6,24.7,8,24,8.8,22.7c2.1-2.8,4.2-5.7,6.3-8.5c0.3-0.6,1-0.9,1.6-0.8c0.7,0,1.3,0,2,0l-8.6,11.1c1-0.2,1.8-0.3,2.6-0.5 c0.3-0.1,0.5-0.3,0.7-0.6c2.3-3.1,4.6-6.2,6.9-9.4c0.3-0.5,0.8-0.8,1.4-0.7c0.6,0,1.2,0,2.1,0l-8.4,11c1.8,0.1,2.6-0.3,3.6-1.6 c2.2-2.9,4.3-5.9,6.5-8.8c0.2-0.3,0.5-0.5,0.8-0.5c5.7,0,11.5,0,17.5,0c-2.1,1.1-3.8,2.9-4.8,5c-0.9,2.1-0.9,4.5-0.1,6.7 c-0.1-3,1.1-6,3.2-8.2c2.2-2.2,4.9-3.7,7.9-4.4C43.2,10.6,38.6,6.5,38.8,0c-1.3,2.8-1.2,8.2,4.9,11.7c-0.3,0-0.6,0-0.8,0 c-5.5,0-10.9,0-16.4,0c-0.5,0-1-0.2-1.3-0.7c-2.1-3-4.3-5.9-6.4-8.8C17.8,1,17,0.6,15.2,0.7z\"><\/path><\/svg>\t\t\t\t\t\t<\/span>\n\t\t\t\t\t\t\t\t\t\t<span class=\"elementor-icon-list-text\">www.spessart-tourismus.de<\/span>\n\t\t\t\t\t\t\t\t\t\t\t<\/a>\n\t\t\t\t\t\t\t\t\t<\/li>\n\t\t\t\t\t\t\t\t<li class=\"elementor-icon-list-item\">\n\t\t\t\t\t\t\t\t\t\t\t<a href=\"https:\/\/spessart-mainland.de\/startseite.html\" target=\"_blank\">\n\n\t\t\t\t\t\t\t\t\t\t\t\t<span class=\"elementor-icon-list-icon\">\n\t\t\t\t\t\t\t<svg xmlns=\"http:\/\/www.w3.org\/2000\/svg\" xmlns:xlink=\"http:\/\/www.w3.org\/1999\/xlink\" id=\"Ebene_1\" x=\"0px\" y=\"0px\" viewbox=\"0 0 49.8 25.1\" style=\"enable-background:new 0 0 49.8 25.1;\" xml:space=\"preserve\"><style type=\"text\/css\">\t.st0{fill:none;}<\/style><path id=\"Pfad_41\" class=\"st0\" d=\"M15.2,0.7l8.4,11.1c-1,0-1.9,0-2.8,0c-0.3-0.1-0.5-0.3-0.7-0.5c-2.2-2.9-4.3-5.9-6.4-8.8 c-1.1-1.5-1.6-1.7-3.6-1.7l8.4,11.1c-1,0-1.9,0-2.7,0c-0.3,0-0.6-0.3-0.7-0.6C13,8.2,10.8,5.3,8.8,2.4c-0.5-1-1.5-1.6-2.6-1.6 c-0.4,0-0.8-0.1-1.1-0.2l8.5,11.2c-1.1,0-1.9,0-2.8,0c-0.2,0-0.4-0.3-0.6-0.6C8,8.2,5.8,5.4,3.8,2.4C2.9,0.9,1.6,0.8,0,0.6l9.1,12 L0,24.5c1-0.2,1.7-0.3,2.5-0.5C2.8,24,3,23.8,3.2,23.5c2.3-3.1,4.5-6.1,6.8-9.2c0.3-0.6,1-1,1.7-0.9c0.6,0,1.3,0,1.9,0l-8.4,11 C6.6,24.7,8,24,8.8,22.7c2.1-2.8,4.2-5.7,6.3-8.5c0.3-0.6,1-0.9,1.6-0.8c0.7,0,1.3,0,2,0l-8.6,11.1c1-0.2,1.8-0.3,2.6-0.5 c0.3-0.1,0.5-0.3,0.7-0.6c2.3-3.1,4.6-6.2,6.9-9.4c0.3-0.5,0.8-0.8,1.4-0.7c0.6,0,1.2,0,2.1,0l-8.4,11c1.8,0.1,2.6-0.3,3.6-1.6 c2.2-2.9,4.3-5.9,6.5-8.8c0.2-0.3,0.5-0.5,0.8-0.5c5.7,0,11.5,0,17.5,0c-2.1,1.1-3.8,2.9-4.8,5c-0.9,2.1-0.9,4.5-0.1,6.7 c-0.1-3,1.1-6,3.2-8.2c2.2-2.2,4.9-3.7,7.9-4.4C43.2,10.6,38.6,6.5,38.8,0c-1.3,2.8-1.2,8.2,4.9,11.7c-0.3,0-0.6,0-0.8,0 c-5.5,0-10.9,0-16.4,0c-0.5,0-1-0.2-1.3-0.7c-2.1-3-4.3-5.9-6.4-8.8C17.8,1,17,0.6,15.2,0.7z\"><\/path><\/svg>\t\t\t\t\t\t<\/span>\n\t\t\t\t\t\t\t\t\t\t<span class=\"elementor-icon-list-text\">Spessart Mainland<\/span>\n\t\t\t\t\t\t\t\t\t\t\t<\/a>\n\t\t\t\t\t\t\t\t\t<\/li>\n\t\t\t\t\t\t<\/ul>\n\t\t\t\t<\/div>\n\t\t\t\t<\/div>\n\t\t\t\t\t<\/div>\n\t\t<\/div>\n\t\t\t\t\t<\/div>\n\t\t<\/section>\n\t\t\t\t<div class=\"elementor-element elementor-element-ffde8cb elementor-align-center hotel_details elementor-widget elementor-widget-button\" data-id=\"ffde8cb\" data-element_type=\"widget\" data-widget_type=\"button.default\">\n\t\t\t\t<div class=\"elementor-widget-container\">\n\t\t\t\t\t<div class=\"elementor-button-wrapper\">\n\t\t\t<a class=\"elementor-button elementor-button-link elementor-size-sm\" href=\"https:\/\/hotel-spessarttor.de\/en\/freizeit\/\">\n\t\t\t\t\t\t<span class=\"elementor-button-content-wrapper\">\n\t\t\t\t\t\t<span class=\"elementor-button-icon elementor-align-icon-left\">\n\t\t\t\t<svg xmlns=\"http:\/\/www.w3.org\/2000\/svg\" xmlns:xlink=\"http:\/\/www.w3.org\/1999\/xlink\" id=\"Ebene_1\" x=\"0px\" y=\"0px\" viewbox=\"0 0 49.8 25.1\" style=\"enable-background:new 0 0 49.8 25.1;\" xml:space=\"preserve\"><style type=\"text\/css\">\t.st0{fill:none;}<\/style><path id=\"Pfad_41\" class=\"st0\" d=\"M15.2,0.7l8.4,11.1c-1,0-1.9,0-2.8,0c-0.3-0.1-0.5-0.3-0.7-0.5c-2.2-2.9-4.3-5.9-6.4-8.8 c-1.1-1.5-1.6-1.7-3.6-1.7l8.4,11.1c-1,0-1.9,0-2.7,0c-0.3,0-0.6-0.3-0.7-0.6C13,8.2,10.8,5.3,8.8,2.4c-0.5-1-1.5-1.6-2.6-1.6 c-0.4,0-0.8-0.1-1.1-0.2l8.5,11.2c-1.1,0-1.9,0-2.8,0c-0.2,0-0.4-0.3-0.6-0.6C8,8.2,5.8,5.4,3.8,2.4C2.9,0.9,1.6,0.8,0,0.6l9.1,12 L0,24.5c1-0.2,1.7-0.3,2.5-0.5C2.8,24,3,23.8,3.2,23.5c2.3-3.1,4.5-6.1,6.8-9.2c0.3-0.6,1-1,1.7-0.9c0.6,0,1.3,0,1.9,0l-8.4,11 C6.6,24.7,8,24,8.8,22.7c2.1-2.8,4.2-5.7,6.3-8.5c0.3-0.6,1-0.9,1.6-0.8c0.7,0,1.3,0,2,0l-8.6,11.1c1-0.2,1.8-0.3,2.6-0.5 c0.3-0.1,0.5-0.3,0.7-0.6c2.3-3.1,4.6-6.2,6.9-9.4c0.3-0.5,0.8-0.8,1.4-0.7c0.6,0,1.2,0,2.1,0l-8.4,11c1.8,0.1,2.6-0.3,3.6-1.6 c2.2-2.9,4.3-5.9,6.5-8.8c0.2-0.3,0.5-0.5,0.8-0.5c5.7,0,11.5,0,17.5,0c-2.1,1.1-3.8,2.9-4.8,5c-0.9,2.1-0.9,4.5-0.1,6.7 c-0.1-3,1.1-6,3.2-8.2c2.2-2.2,4.9-3.7,7.9-4.4C43.2,10.6,38.6,6.5,38.8,0c-1.3,2.8-1.2,8.2,4.9,11.7c-0.3,0-0.6,0-0.8,0 c-5.5,0-10.9,0-16.4,0c-0.5,0-1-0.2-1.3-0.7c-2.1-3-4.3-5.9-6.4-8.8C17.8,1,17,0.6,15.2,0.7z\"><\/path><\/svg>\t\t\t<\/span>\n\t\t\t\t\t\t\t\t\t<span class=\"elementor-button-text\">MORE leisure activities<\/span>\n\t\t\t\t\t<\/span>\n\t\t\t\t\t<\/a>\n\t\t<\/div>\n\t\t\t\t<\/div>\n\t\t\t\t<\/div>\n\t\t\t\t\t<\/div>\n\t\t<\/div>\n\t\t\t\t\t<\/div>\n\t\t<\/section>\n\t\t\t\t<\/div>","protected":false},"excerpt":{"rendered":"<p>Spessart und Natur Der Spessart gilt als eines der waldreichsten Mittelgebirge Deutschlands. Weit ab vom Trubel hektischer Gro\u00dfst\u00e4dte ist der Spessart ein Garant f\u00fcr pures Naturerlebnis und Erholung. DER SPESSART Rund um die sch\u00f6ne Stadt Lohr befindet sich eines der waldreichsten Mittelgebirge und zu einer der sch\u00f6nsten Naturparks Deutschlands \u2013 der Spessart. Mit seinen dichten [&hellip;]<\/p>","protected":false},"author":2,"featured_media":0,"parent":0,"menu_order":0,"comment_status":"closed","ping_status":"closed","template":"","meta":{"footnotes":""},"class_list":["post-45","page","type-page","status-publish","hentry"],"_links":{"self":[{"href":"https:\/\/hotel-spessarttor.de\/en\/wp-json\/wp\/v2\/pages\/45","targetHints":{"allow":["GET"]}}],"collection":[{"href":"https:\/\/hotel-spessarttor.de\/en\/wp-json\/wp\/v2\/pages"}],"about":[{"href":"https:\/\/hotel-spessarttor.de\/en\/wp-json\/wp\/v2\/types\/page"}],"author":[{"embeddable":true,"href":"https:\/\/hotel-spessarttor.de\/en\/wp-json\/wp\/v2\/users\/2"}],"replies":[{"embeddable":true,"href":"https:\/\/hotel-spessarttor.de\/en\/wp-json\/wp\/v2\/comments?post=45"}],"version-history":[{"count":19,"href":"https:\/\/hotel-spessarttor.de\/en\/wp-json\/wp\/v2\/pages\/45\/revisions"}],"predecessor-version":[{"id":889,"href":"https:\/\/hotel-spessarttor.de\/en\/wp-json\/wp\/v2\/pages\/45\/revisions\/889"}],"wp:attachment":[{"href":"https:\/\/hotel-spessarttor.de\/en\/wp-json\/wp\/v2\/media?parent=45"}],"curies":[{"name":"wp","href":"https:\/\/api.w.org\/{rel}","templated":true}]}}