{"id":37,"date":"2022-08-09T15:15:43","date_gmt":"2022-08-09T13:15:43","guid":{"rendered":"http:\/\/entwicklung7.medialife.works\/?page_id=37"},"modified":"2022-11-15T11:21:39","modified_gmt":"2022-11-15T10:21:39","slug":"events","status":"publish","type":"page","link":"https:\/\/hotel-spessarttor.de\/en\/events\/","title":{"rendered":"Events"},"content":{"rendered":"<div data-elementor-type=\"wp-page\" data-elementor-id=\"37\" class=\"elementor elementor-37\" data-elementor-post-type=\"page\">\n\t\t\t\t\t\t<section class=\"elementor-section elementor-top-section elementor-element elementor-element-38d1bceb elementor-section-full_width elementor-section-height-min-height elementor-section-height-default elementor-section-items-middle\" data-id=\"38d1bceb\" data-element_type=\"section\" data-settings=\"{&quot;background_background&quot;:&quot;classic&quot;}\">\n\t\t\t\t\t\t\t<div class=\"elementor-background-overlay\"><\/div>\n\t\t\t\t\t\t\t<div class=\"elementor-container elementor-column-gap-default\">\n\t\t\t\t\t<div class=\"elementor-column elementor-col-100 elementor-top-column elementor-element elementor-element-56268f22\" data-id=\"56268f22\" data-element_type=\"column\">\n\t\t\t<div class=\"elementor-widget-wrap elementor-element-populated\">\n\t\t\t\t\t\t<section class=\"elementor-section elementor-inner-section elementor-element elementor-element-7a978472 elementor-section-content-bottom elementor-section-boxed elementor-section-height-default elementor-section-height-default\" data-id=\"7a978472\" data-element_type=\"section\">\n\t\t\t\t\t\t\t<div class=\"elementor-background-overlay\"><\/div>\n\t\t\t\t\t\t\t<div class=\"elementor-container elementor-column-gap-default\">\n\t\t\t\t\t<div class=\"elementor-column elementor-col-100 elementor-inner-column elementor-element elementor-element-617c1ba9\" data-id=\"617c1ba9\" data-element_type=\"column\" data-settings=\"{&quot;background_background&quot;:&quot;classic&quot;}\">\n\t\t\t<div class=\"elementor-widget-wrap elementor-element-populated\">\n\t\t\t\t\t<div class=\"elementor-background-overlay\"><\/div>\n\t\t\t\t\t\t<div class=\"elementor-element elementor-element-7f24d70a elementor-widget elementor-widget-heading\" data-id=\"7f24d70a\" data-element_type=\"widget\" data-widget_type=\"heading.default\">\n\t\t\t\t<div class=\"elementor-widget-container\">\n\t\t\t<style>\/*! elementor - v3.21.0 - 26-05-2024 *\/\n.elementor-heading-title{padding:0;margin:0;line-height:1}.elementor-widget-heading .elementor-heading-title[class*=elementor-size-]>a{color:inherit;font-size:inherit;line-height:inherit}.elementor-widget-heading .elementor-heading-title.elementor-size-small{font-size:15px}.elementor-widget-heading .elementor-heading-title.elementor-size-medium{font-size:19px}.elementor-widget-heading .elementor-heading-title.elementor-size-large{font-size:29px}.elementor-widget-heading .elementor-heading-title.elementor-size-xl{font-size:39px}.elementor-widget-heading .elementor-heading-title.elementor-size-xxl{font-size:59px}<\/style><h2 class=\"elementor-heading-title elementor-size-default\">Celebrate celebrations<\/h2>\t\t<\/div>\n\t\t\t\t<\/div>\n\t\t\t\t<div class=\"elementor-element elementor-element-2f1638b3 elementor-widget elementor-widget-text-editor\" data-id=\"2f1638b3\" data-element_type=\"widget\" data-widget_type=\"text-editor.default\">\n\t\t\t\t<div class=\"elementor-widget-container\">\n\t\t\t<style>\/*! elementor - v3.21.0 - 26-05-2024 *\/\n.elementor-widget-text-editor.elementor-drop-cap-view-stacked .elementor-drop-cap{background-color:#69727d;color:#fff}.elementor-widget-text-editor.elementor-drop-cap-view-framed .elementor-drop-cap{color:#69727d;border:3px solid;background-color:transparent}.elementor-widget-text-editor:not(.elementor-drop-cap-view-default) .elementor-drop-cap{margin-top:8px}.elementor-widget-text-editor:not(.elementor-drop-cap-view-default) .elementor-drop-cap-letter{width:1em;height:1em}.elementor-widget-text-editor .elementor-drop-cap{float:left;text-align:center;line-height:1;font-size:50px}.elementor-widget-text-editor .elementor-drop-cap-letter{display:inline-block}<\/style>\t\t\t\tCelebrations should be celebrated as they come. With our ideas and suitable<br> premises, your celebration will also become an unforgettable experience.\t\t\t\t\t\t<\/div>\n\t\t\t\t<\/div>\n\t\t\t\t\t<\/div>\n\t\t<\/div>\n\t\t\t\t\t<\/div>\n\t\t<\/section>\n\t\t\t\t\t<\/div>\n\t\t<\/div>\n\t\t\t\t\t<\/div>\n\t\t<\/section>\n\t\t\t\t<section class=\"elementor-section elementor-top-section elementor-element elementor-element-15795fd0 elementor-section-boxed elementor-section-height-default elementor-section-height-default\" data-id=\"15795fd0\" data-element_type=\"section\">\n\t\t\t\t\t\t<div class=\"elementor-container elementor-column-gap-default\">\n\t\t\t\t\t<div class=\"elementor-column elementor-col-100 elementor-top-column elementor-element elementor-element-7fb80f8\" data-id=\"7fb80f8\" data-element_type=\"column\">\n\t\t\t<div class=\"elementor-widget-wrap elementor-element-populated\">\n\t\t\t\t\t\t<div class=\"elementor-element elementor-element-75a17e17 elementor-widget elementor-widget-image\" data-id=\"75a17e17\" data-element_type=\"widget\" data-widget_type=\"image.default\">\n\t\t\t\t<div class=\"elementor-widget-container\">\n\t\t\t<style>\/*! elementor - v3.21.0 - 26-05-2024 *\/\n.elementor-widget-image{text-align:center}.elementor-widget-image a{display:inline-block}.elementor-widget-image a img[src$=\".svg\"]{width:48px}.elementor-widget-image img{vertical-align:middle;display:inline-block}<\/style>\t\t\t\t\t\t\t\t\t\t<img decoding=\"async\" src=\"https:\/\/hotel-spessarttor.de\/wp-content\/uploads\/2022\/08\/Pfad-16.svg\" title=\"Pfad 16\" alt=\"Pfad 16\" loading=\"lazy\" \/>\t\t\t\t\t\t\t\t\t\t\t\t\t<\/div>\n\t\t\t\t<\/div>\n\t\t\t\t\t<\/div>\n\t\t<\/div>\n\t\t\t\t\t<\/div>\n\t\t<\/section>\n\t\t\t\t<section class=\"elementor-section elementor-top-section elementor-element elementor-element-5019b003 elementor-section-boxed elementor-section-height-default elementor-section-height-default\" data-id=\"5019b003\" data-element_type=\"section\">\n\t\t\t\t\t\t<div class=\"elementor-container elementor-column-gap-default\">\n\t\t\t\t\t<div class=\"elementor-column elementor-col-100 elementor-top-column elementor-element elementor-element-4b7767c9\" data-id=\"4b7767c9\" data-element_type=\"column\">\n\t\t\t<div class=\"elementor-widget-wrap elementor-element-populated\">\n\t\t\t\t\t\t<div class=\"elementor-element elementor-element-6078c7ce elementor-widget elementor-widget-heading\" data-id=\"6078c7ce\" data-element_type=\"widget\" data-widget_type=\"heading.default\">\n\t\t\t\t<div class=\"elementor-widget-container\">\n\t\t\t<h2 class=\"elementor-heading-title elementor-size-default\">FRANCONIAN CORDIALITY IN OUR GUEST ROOM<\/h2>\t\t<\/div>\n\t\t\t\t<\/div>\n\t\t\t\t<div class=\"elementor-element elementor-element-124dd9f6 elementor-widget elementor-widget-text-editor\" data-id=\"124dd9f6\" data-element_type=\"widget\" data-widget_type=\"text-editor.default\">\n\t\t\t\t<div class=\"elementor-widget-container\">\n\t\t\t\t\t\t\t<p>Whether socializing in a large or small group. We have space for celebrations from 20 to 65 people. Wedding, baptism, anniversary or birthday - there are many different reasons to celebrate. With our suitable premises, the menu tailored to your needs and a good selection of fine wines, we will make your celebration an unforgettable experience. Contact us!<\/p>\t\t\t\t\t\t<\/div>\n\t\t\t\t<\/div>\n\t\t\t\t<div class=\"elementor-element elementor-element-0d00929 elementor-align-center hotel_details elementor-widget elementor-widget-button\" data-id=\"0d00929\" data-element_type=\"widget\" data-widget_type=\"button.default\">\n\t\t\t\t<div class=\"elementor-widget-container\">\n\t\t\t\t\t<div class=\"elementor-button-wrapper\">\n\t\t\t<a class=\"elementor-button elementor-button-link elementor-size-sm\" href=\"https:\/\/hotel-spessarttor.de\/en\/kontakt\/\">\n\t\t\t\t\t\t<span class=\"elementor-button-content-wrapper\">\n\t\t\t\t\t\t<span class=\"elementor-button-icon elementor-align-icon-left\">\n\t\t\t\t<svg xmlns=\"http:\/\/www.w3.org\/2000\/svg\" xmlns:xlink=\"http:\/\/www.w3.org\/1999\/xlink\" id=\"Ebene_1\" x=\"0px\" y=\"0px\" viewbox=\"0 0 49.8 25.1\" style=\"enable-background:new 0 0 49.8 25.1;\" xml:space=\"preserve\"><style type=\"text\/css\">\t.st0{fill:none;}<\/style><path id=\"Pfad_41\" class=\"st0\" d=\"M15.2,0.7l8.4,11.1c-1,0-1.9,0-2.8,0c-0.3-0.1-0.5-0.3-0.7-0.5c-2.2-2.9-4.3-5.9-6.4-8.8 c-1.1-1.5-1.6-1.7-3.6-1.7l8.4,11.1c-1,0-1.9,0-2.7,0c-0.3,0-0.6-0.3-0.7-0.6C13,8.2,10.8,5.3,8.8,2.4c-0.5-1-1.5-1.6-2.6-1.6 c-0.4,0-0.8-0.1-1.1-0.2l8.5,11.2c-1.1,0-1.9,0-2.8,0c-0.2,0-0.4-0.3-0.6-0.6C8,8.2,5.8,5.4,3.8,2.4C2.9,0.9,1.6,0.8,0,0.6l9.1,12 L0,24.5c1-0.2,1.7-0.3,2.5-0.5C2.8,24,3,23.8,3.2,23.5c2.3-3.1,4.5-6.1,6.8-9.2c0.3-0.6,1-1,1.7-0.9c0.6,0,1.3,0,1.9,0l-8.4,11 C6.6,24.7,8,24,8.8,22.7c2.1-2.8,4.2-5.7,6.3-8.5c0.3-0.6,1-0.9,1.6-0.8c0.7,0,1.3,0,2,0l-8.6,11.1c1-0.2,1.8-0.3,2.6-0.5 c0.3-0.1,0.5-0.3,0.7-0.6c2.3-3.1,4.6-6.2,6.9-9.4c0.3-0.5,0.8-0.8,1.4-0.7c0.6,0,1.2,0,2.1,0l-8.4,11c1.8,0.1,2.6-0.3,3.6-1.6 c2.2-2.9,4.3-5.9,6.5-8.8c0.2-0.3,0.5-0.5,0.8-0.5c5.7,0,11.5,0,17.5,0c-2.1,1.1-3.8,2.9-4.8,5c-0.9,2.1-0.9,4.5-0.1,6.7 c-0.1-3,1.1-6,3.2-8.2c2.2-2.2,4.9-3.7,7.9-4.4C43.2,10.6,38.6,6.5,38.8,0c-1.3,2.8-1.2,8.2,4.9,11.7c-0.3,0-0.6,0-0.8,0 c-5.5,0-10.9,0-16.4,0c-0.5,0-1-0.2-1.3-0.7c-2.1-3-4.3-5.9-6.4-8.8C17.8,1,17,0.6,15.2,0.7z\"><\/path><\/svg>\t\t\t<\/span>\n\t\t\t\t\t\t\t\t\t<span class=\"elementor-button-text\">REQUEST NOW<\/span>\n\t\t\t\t\t<\/span>\n\t\t\t\t\t<\/a>\n\t\t<\/div>\n\t\t\t\t<\/div>\n\t\t\t\t<\/div>\n\t\t\t\t\t<\/div>\n\t\t<\/div>\n\t\t\t\t\t<\/div>\n\t\t<\/section>\n\t\t\t\t<section class=\"elementor-section elementor-top-section elementor-element elementor-element-75bce58 elementor-section-boxed elementor-section-height-default elementor-section-height-default\" data-id=\"75bce58\" data-element_type=\"section\">\n\t\t\t\t\t\t<div class=\"elementor-container elementor-column-gap-default\">\n\t\t\t\t\t<div class=\"elementor-column elementor-col-50 elementor-top-column elementor-element elementor-element-aa95a2d\" data-id=\"aa95a2d\" data-element_type=\"column\">\n\t\t\t<div class=\"elementor-widget-wrap elementor-element-populated\">\n\t\t\t\t\t\t<div class=\"elementor-element elementor-element-1613cb0 elementor-widget elementor-widget-image\" data-id=\"1613cb0\" data-element_type=\"widget\" data-widget_type=\"image.default\">\n\t\t\t\t<div class=\"elementor-widget-container\">\n\t\t\t\t\t\t\t\t\t\t\t\t\t<img decoding=\"async\" src=\"https:\/\/hotel-spessarttor.de\/wp-content\/uploads\/elementor\/thumbs\/Rechteck-87@2x-q92anh822qlnixpy0zcejo098p67gy0ihffs5hovpw.png\" title=\"Rechteck 87@2x\" alt=\"Rechteck 87@2x\" loading=\"lazy\" \/>\t\t\t\t\t\t\t\t\t\t\t\t\t<\/div>\n\t\t\t\t<\/div>\n\t\t\t\t\t<\/div>\n\t\t<\/div>\n\t\t\t\t<div class=\"elementor-column elementor-col-50 elementor-top-column elementor-element elementor-element-16429d1\" data-id=\"16429d1\" data-element_type=\"column\">\n\t\t\t<div class=\"elementor-widget-wrap elementor-element-populated\">\n\t\t\t\t\t\t<div class=\"elementor-element elementor-element-6ec6813 elementor-widget elementor-widget-image\" data-id=\"6ec6813\" data-element_type=\"widget\" data-widget_type=\"image.default\">\n\t\t\t\t<div class=\"elementor-widget-container\">\n\t\t\t\t\t\t\t\t\t\t\t\t\t<img fetchpriority=\"high\" decoding=\"async\" width=\"800\" height=\"552\" src=\"https:\/\/hotel-spessarttor.de\/wp-content\/uploads\/2022\/08\/Rechteck-88@2x-1024x706.png\" class=\"attachment-large size-large wp-image-138\" alt=\"\" srcset=\"https:\/\/hotel-spessarttor.de\/wp-content\/uploads\/2022\/08\/Rechteck-88@2x-1024x706.png 1024w, https:\/\/hotel-spessarttor.de\/wp-content\/uploads\/2022\/08\/Rechteck-88@2x-300x207.png 300w, https:\/\/hotel-spessarttor.de\/wp-content\/uploads\/2022\/08\/Rechteck-88@2x-768x530.png 768w, https:\/\/hotel-spessarttor.de\/wp-content\/uploads\/2022\/08\/Rechteck-88@2x.png 1344w\" sizes=\"(max-width: 800px) 100vw, 800px\" \/>\t\t\t\t\t\t\t\t\t\t\t\t\t<\/div>\n\t\t\t\t<\/div>\n\t\t\t\t\t<\/div>\n\t\t<\/div>\n\t\t\t\t\t<\/div>\n\t\t<\/section>\n\t\t\t\t<\/div>","protected":false},"excerpt":{"rendered":"<p>Feste feiern Feste soll man feiern wie Sie fallen. Mit unseren Ideen und passenden R\u00e4umlichkeiten wird auch Ihr Fest zu einem unvergesslichen Erlebnis. FR\u00c4NKISCHE HERZLICHKEIT IN UNSERER GASTSTUBE Ob Geselligkeit in gro\u00dfer oder kleiner Runde. Wir haben Platz f\u00fcr Feierlichkeiten von 20 bis 65 Personen. Hochzeit, Taufe, Jubil\u00e4um oder Geburtstag \u2013 es gibt viele verschieden [&hellip;]<\/p>","protected":false},"author":2,"featured_media":0,"parent":0,"menu_order":0,"comment_status":"closed","ping_status":"closed","template":"","meta":{"footnotes":""},"class_list":["post-37","page","type-page","status-publish","hentry"],"_links":{"self":[{"href":"https:\/\/hotel-spessarttor.de\/en\/wp-json\/wp\/v2\/pages\/37","targetHints":{"allow":["GET"]}}],"collection":[{"href":"https:\/\/hotel-spessarttor.de\/en\/wp-json\/wp\/v2\/pages"}],"about":[{"href":"https:\/\/hotel-spessarttor.de\/en\/wp-json\/wp\/v2\/types\/page"}],"author":[{"embeddable":true,"href":"https:\/\/hotel-spessarttor.de\/en\/wp-json\/wp\/v2\/users\/2"}],"replies":[{"embeddable":true,"href":"https:\/\/hotel-spessarttor.de\/en\/wp-json\/wp\/v2\/comments?post=37"}],"version-history":[{"count":22,"href":"https:\/\/hotel-spessarttor.de\/en\/wp-json\/wp\/v2\/pages\/37\/revisions"}],"predecessor-version":[{"id":802,"href":"https:\/\/hotel-spessarttor.de\/en\/wp-json\/wp\/v2\/pages\/37\/revisions\/802"}],"wp:attachment":[{"href":"https:\/\/hotel-spessarttor.de\/en\/wp-json\/wp\/v2\/media?parent=37"}],"curies":[{"name":"wp","href":"https:\/\/api.w.org\/{rel}","templated":true}]}}